{"id":225,"date":"2017-04-29T15:21:41","date_gmt":"2017-04-29T14:21:41","guid":{"rendered":"http:\/\/araloncolor.com\/?page_id=225"},"modified":"2025-04-09T15:51:24","modified_gmt":"2025-04-09T13:51:24","slug":"south-america","status":"publish","type":"page","link":"https:\/\/araloncolor.com\/en\/contact\/distributor-network\/south-america\/","title":{"rendered":"South America"},"content":{"rendered":"<p><\/p>\n<p><strong>Per\u00fa<\/strong><br \/>\nComercial Qu\u00edmica Mass\u00f3 Per\u00fa SAC<br \/>\nMs. Angela Manrique<br \/>\ninfo[at]araloncolor.com<br \/>\nTel: +514364555 and +51 956291778<br \/>\nhttp:\/\/www.masscol.com<\/p>\n<p><strong>Brazil<\/strong><br \/>\nColormix<br \/>\nAlexandre Castro Monteiro<br \/>\n+55 (11) 5545 6640<br \/>\ninfo[at]araloncolor.com<br \/>\nhttps:\/\/www.colormix.net.br\/<\/p>\n<p><strong>Remaining countries<\/strong><br \/>\nARALON COLOR GmbH<br \/>\nDr. Rami Ismael<br \/>\ninfo[at]araloncolor.com<br \/>\nTel: +49 2602 99 770 0<br \/>\nFax: +49 2602 99 770 69<\/p>\n<p>Auf der Birke 9<br \/>\n56412 Heiligenroth-Germany<\/p>\n<p><\/p>","protected":false},"excerpt":{"rendered":"<p>Per\u00fa Comercial Qu\u00edmica Mass\u00f3 Per\u00fa SAC Ms. Angela Manrique info[at]araloncolor.com Tel: +514364555 and +51 956291778 http:\/\/www.masscol.com Brazil Colormix Alexandre Castro Monteiro +55 (11) 5545 6640 info[at]araloncolor.com https:\/\/www.colormix.net.br\/ Remaining countries ARALON COLOR GmbH Dr. Rami Ismael info[at]araloncolor.com Tel: +49 2602 99 770 0 Fax: +49 2602 99 770 69 Auf der Birke 9 56412 Heiligenroth-Germany<\/p>\n","protected":false},"author":2,"featured_media":1593,"parent":216,"menu_order":0,"comment_status":"closed","ping_status":"closed","template":"","meta":{"footnotes":""},"aioseo_notices":[],"_links":{"self":[{"href":"https:\/\/araloncolor.com\/en\/wp-json\/wp\/v2\/pages\/225"}],"collection":[{"href":"https:\/\/araloncolor.com\/en\/wp-json\/wp\/v2\/pages"}],"about":[{"href":"https:\/\/araloncolor.com\/en\/wp-json\/wp\/v2\/types\/page"}],"author":[{"embeddable":true,"href":"https:\/\/araloncolor.com\/en\/wp-json\/wp\/v2\/users\/2"}],"replies":[{"embeddable":true,"href":"https:\/\/araloncolor.com\/en\/wp-json\/wp\/v2\/comments?post=225"}],"version-history":[{"count":0,"href":"https:\/\/araloncolor.com\/en\/wp-json\/wp\/v2\/pages\/225\/revisions"}],"up":[{"embeddable":true,"href":"https:\/\/araloncolor.com\/en\/wp-json\/wp\/v2\/pages\/216"}],"wp:featuredmedia":[{"embeddable":true,"href":"https:\/\/araloncolor.com\/en\/wp-json\/wp\/v2\/media\/1593"}],"wp:attachment":[{"href":"https:\/\/araloncolor.com\/en\/wp-json\/wp\/v2\/media?parent=225"}],"curies":[{"name":"wp","href":"https:\/\/api.w.org\/{rel}","templated":true}]}}