{"id":71,"date":"2017-03-14T18:02:43","date_gmt":"2017-03-14T16:02:43","guid":{"rendered":"http:\/\/test.su-tours.com\/?page_id=71"},"modified":"2025-05-21T14:24:40","modified_gmt":"2025-05-21T12:24:40","slug":"applications","status":"publish","type":"page","link":"https:\/\/araloncolor.com\/en\/applications\/","title":{"rendered":"Applications"},"content":{"rendered":"<p><img loading=\"lazy\" decoding=\"async\" class=\"aligncenter wp-image-367 size-full\" src=\"http:\/\/araloncolor.com\/wp-content\/uploads\/2017\/03\/Shades-Color-Card-2016.jpg\" alt=\"Tableau r\u00e9capitulatif de la soci\u00e9t\u00e9 ARALON COLOR GmbH pr\u00e9sentant les usages recommand\u00e9s de diff\u00e9rentes s\u00e9ries de pigments pour les rev\u00eatements, plastiques, encres d'impression, cosm\u00e9tiques, caoutchouc et autres applications. La matrice utilise un code couleur (vert = recommand\u00e9, jaune = utilisable sous conditions, rouge = non recommand\u00e9) pour indiquer la compatibilit\u00e9 des s\u00e9ries telles que ARAPLAST, ARAGEN, ARAPINK, etc., avec des usages sp\u00e9cifiques. En bas du tableau figurent les teintes disponibles class\u00e9es par s\u00e9rie.\" width=\"1240\" height=\"1754\" srcset=\"https:\/\/araloncolor.com\/wp-content\/uploads\/2017\/03\/Shades-Color-Card-2016.jpg 1240w, https:\/\/araloncolor.com\/wp-content\/uploads\/2017\/03\/Shades-Color-Card-2016-212x300.jpg 212w, https:\/\/araloncolor.com\/wp-content\/uploads\/2017\/03\/Shades-Color-Card-2016-768x1086.jpg 768w, https:\/\/araloncolor.com\/wp-content\/uploads\/2017\/03\/Shades-Color-Card-2016-724x1024.jpg 724w\" sizes=\"(max-width: 767px) 89vw, (max-width: 1000px) 54vw, (max-width: 1071px) 543px, 580px\" \/><\/p>","protected":false},"excerpt":{"rendered":"","protected":false},"author":2,"featured_media":1595,"parent":0,"menu_order":0,"comment_status":"closed","ping_status":"closed","template":"","meta":{"footnotes":""},"aioseo_notices":[],"_links":{"self":[{"href":"https:\/\/araloncolor.com\/en\/wp-json\/wp\/v2\/pages\/71"}],"collection":[{"href":"https:\/\/araloncolor.com\/en\/wp-json\/wp\/v2\/pages"}],"about":[{"href":"https:\/\/araloncolor.com\/en\/wp-json\/wp\/v2\/types\/page"}],"author":[{"embeddable":true,"href":"https:\/\/araloncolor.com\/en\/wp-json\/wp\/v2\/users\/2"}],"replies":[{"embeddable":true,"href":"https:\/\/araloncolor.com\/en\/wp-json\/wp\/v2\/comments?post=71"}],"version-history":[{"count":0,"href":"https:\/\/araloncolor.com\/en\/wp-json\/wp\/v2\/pages\/71\/revisions"}],"wp:featuredmedia":[{"embeddable":true,"href":"https:\/\/araloncolor.com\/en\/wp-json\/wp\/v2\/media\/1595"}],"wp:attachment":[{"href":"https:\/\/araloncolor.com\/en\/wp-json\/wp\/v2\/media?parent=71"}],"curies":[{"name":"wp","href":"https:\/\/api.w.org\/{rel}","templated":true}]}}