{"id":101,"date":"2017-03-15T20:42:13","date_gmt":"2017-03-15T19:42:13","guid":{"rendered":"http:\/\/araloncolor.com\/?page_id=101"},"modified":"2018-05-24T11:43:50","modified_gmt":"2018-05-24T09:43:50","slug":"fluorescent-pigments-stir-in","status":"publish","type":"page","link":"https:\/\/araloncolor.com\/fr\/products\/fluorescent-pigments-stir-in\/","title":{"rendered":"ARACO, ARAQUA &#038; ARAGEN Stir-In pigments fluorescent"},"content":{"rendered":"<p>ARALON COLOR GmbH propose une gamme compl\u00e8te de pigments fluorescents pour des applications exigeantes telles que la coloration de:<br \/>\n\u2022 peintures,<br \/>\n\u2022 caoutchouc,<br \/>\n\u2022 les plastiques,<br \/>\n\u2022 les encres d&rsquo;impression,<br \/>\n\u2022 des bombes a\u00e9rosols,<br \/>\n\u2022 papeterie,<br \/>\n\u2022 les marques<br \/>\net de nombreuses autres applications d\u00e9velopp\u00e9es. Les pigments sont disponibles dans une grande vari\u00e9t\u00e9 de couleurs pour toutes les applications mentionn\u00e9es ici.<br \/>\nSous le bouton <strong>Applications<\/strong>, vous trouverez le bon produit pour vos applications.<br \/>\nContrairement aux pigments UV fluorescents, les pigments fluorescents du jour ont un corps color\u00e9 constamment visible et sont fluorescents sous lumi\u00e8re UV et lumi\u00e8re du jour.<\/p>","protected":false},"excerpt":{"rendered":"<p>ARALON COLOR GmbH propose une gamme compl\u00e8te de pigments fluorescents pour des applications exigeantes telles que la coloration de: \u2022 peintures, \u2022 caoutchouc, \u2022 les plastiques, \u2022 les encres d&rsquo;impression, \u2022 des bombes a\u00e9rosols, \u2022 papeterie, \u2022 les marques et de nombreuses autres applications d\u00e9velopp\u00e9es. Les pigments sont disponibles dans une grande vari\u00e9t\u00e9 de couleurs &hellip; <\/p>\n<p class=\"link-more\"><a href=\"https:\/\/araloncolor.com\/fr\/products\/fluorescent-pigments-stir-in\/\" class=\"more-link\">Continuer la lecture<span class=\"screen-reader-text\"> de &laquo;&nbsp;ARACO, ARAQUA &#038; ARAGEN Stir-In pigments fluorescent&nbsp;&raquo;<\/span><\/a><\/p>\n","protected":false},"author":2,"featured_media":697,"parent":825,"menu_order":0,"comment_status":"closed","ping_status":"closed","template":"","meta":{"footnotes":""},"aioseo_notices":[],"_links":{"self":[{"href":"https:\/\/araloncolor.com\/fr\/wp-json\/wp\/v2\/pages\/101"}],"collection":[{"href":"https:\/\/araloncolor.com\/fr\/wp-json\/wp\/v2\/pages"}],"about":[{"href":"https:\/\/araloncolor.com\/fr\/wp-json\/wp\/v2\/types\/page"}],"author":[{"embeddable":true,"href":"https:\/\/araloncolor.com\/fr\/wp-json\/wp\/v2\/users\/2"}],"replies":[{"embeddable":true,"href":"https:\/\/araloncolor.com\/fr\/wp-json\/wp\/v2\/comments?post=101"}],"version-history":[{"count":0,"href":"https:\/\/araloncolor.com\/fr\/wp-json\/wp\/v2\/pages\/101\/revisions"}],"up":[{"embeddable":true,"href":"https:\/\/araloncolor.com\/fr\/wp-json\/wp\/v2\/pages\/825"}],"wp:featuredmedia":[{"embeddable":true,"href":"https:\/\/araloncolor.com\/fr\/wp-json\/wp\/v2\/media\/697"}],"wp:attachment":[{"href":"https:\/\/araloncolor.com\/fr\/wp-json\/wp\/v2\/media?parent=101"}],"curies":[{"name":"wp","href":"https:\/\/api.w.org\/{rel}","templated":true}]}}