{"id":112,"date":"2017-03-15T20:49:03","date_gmt":"2017-03-15T19:49:03","guid":{"rendered":"http:\/\/araloncolor.com\/?page_id=112"},"modified":"2024-10-01T15:50:42","modified_gmt":"2024-10-01T13:50:42","slug":"non-destructive-testing","status":"publish","type":"page","link":"https:\/\/araloncolor.com\/fr\/applications\/non-destructive-testing\/","title":{"rendered":"Solid-State Fluorescent Pigments \/ Non-Destructive Testing (NDT)"},"content":{"rendered":"<p>Alors que la majorit\u00e9 des pigments fluorescents est compos\u00e9e de solutions solides de colorants fluorescents et des additifs dans les r\u00e9sines sp\u00e9cifiques \u00e0 l&rsquo;application, des pigments fluorescents \u00ab\u00a0Solid-State\u00a0\u00bb sont fluorescents dans leur forme cristalline.<\/p>\n<p>Par cons\u00e9quent, l&rsquo;avantage \u00ab\u00a0STIR -IN\u00a0\u00bb, n&rsquo;est pas pr\u00e9sent dans cette gamme de produits et les pigments ARALON\u00ae SSF-100 doivent \u00eatre dispers\u00e9s dans la formulation de l&rsquo;application finale ou dans une partie de la formulation en vue d&rsquo;obtenir leur intensit\u00e9 de couleur optimale. Ils ont besoin d&rsquo;\u00eatre stabilis\u00e9 dans la dispersion cible.<\/p>\n<p>Les principales applications sont<br \/>\nla papeterie,<br \/>\ndes stylos et crayons,<br \/>\nmarquage,<br \/>\nencres d&rsquo;imprimerie et<br \/>\nNon-Destructive Testing (NDT) \/ Contr\u00f4le non destructif, Figure ci-dessus.<\/p>\n<p>Les produits les plus importants pour les applications NDT sont<\/p>\n<p>ARALON\u00ae SSF-100 \/ Pigment Yellow 101 \/ CAS:\u00a0\u00a02387-03-3<\/p>","protected":false},"excerpt":{"rendered":"<p>Alors que la majorit\u00e9 des pigments fluorescents est compos\u00e9e de solutions solides de colorants fluorescents et des additifs dans les r\u00e9sines sp\u00e9cifiques \u00e0 l&rsquo;application, des pigments fluorescents \u00ab\u00a0Solid-State\u00a0\u00bb sont fluorescents dans leur forme cristalline. Par cons\u00e9quent, l&rsquo;avantage \u00ab\u00a0STIR -IN\u00a0\u00bb, n&rsquo;est pas pr\u00e9sent dans cette gamme de produits et les pigments ARALON\u00ae SSF-100 doivent \u00eatre dispers\u00e9s &hellip; <\/p>\n<p class=\"link-more\"><a href=\"https:\/\/araloncolor.com\/fr\/applications\/non-destructive-testing\/\" class=\"more-link\">Continuer la lecture<span class=\"screen-reader-text\"> de &laquo;&nbsp;Solid-State Fluorescent Pigments \/ Non-Destructive Testing (NDT)&nbsp;&raquo;<\/span><\/a><\/p>\n","protected":false},"author":2,"featured_media":1527,"parent":71,"menu_order":0,"comment_status":"closed","ping_status":"closed","template":"","meta":{"footnotes":""},"aioseo_notices":[],"_links":{"self":[{"href":"https:\/\/araloncolor.com\/fr\/wp-json\/wp\/v2\/pages\/112"}],"collection":[{"href":"https:\/\/araloncolor.com\/fr\/wp-json\/wp\/v2\/pages"}],"about":[{"href":"https:\/\/araloncolor.com\/fr\/wp-json\/wp\/v2\/types\/page"}],"author":[{"embeddable":true,"href":"https:\/\/araloncolor.com\/fr\/wp-json\/wp\/v2\/users\/2"}],"replies":[{"embeddable":true,"href":"https:\/\/araloncolor.com\/fr\/wp-json\/wp\/v2\/comments?post=112"}],"version-history":[{"count":0,"href":"https:\/\/araloncolor.com\/fr\/wp-json\/wp\/v2\/pages\/112\/revisions"}],"up":[{"embeddable":true,"href":"https:\/\/araloncolor.com\/fr\/wp-json\/wp\/v2\/pages\/71"}],"wp:featuredmedia":[{"embeddable":true,"href":"https:\/\/araloncolor.com\/fr\/wp-json\/wp\/v2\/media\/1527"}],"wp:attachment":[{"href":"https:\/\/araloncolor.com\/fr\/wp-json\/wp\/v2\/media?parent=112"}],"curies":[{"name":"wp","href":"https:\/\/api.w.org\/{rel}","templated":true}]}}