{"id":118,"date":"2017-03-15T20:51:16","date_gmt":"2017-03-15T19:51:16","guid":{"rendered":"http:\/\/araloncolor.com\/?page_id=118"},"modified":"2025-01-28T10:32:38","modified_gmt":"2025-01-28T08:32:38","slug":"fluorescent-dyes","status":"publish","type":"page","link":"https:\/\/araloncolor.com\/fr\/products\/fluorescent-dyes\/","title":{"rendered":"Colorants fluorescents"},"content":{"rendered":"<p><\/p>\n<div class=\"field field-name-body field-type-text-with-summary field-label-hidden\">\n<div class=\"field-items\">\n<div class=\"field-item even\">\n<p>Il existe plusieurs applications qui b\u00e9n\u00e9ficient de l&rsquo;utilisation de colorants fluorescents.<\/p>\n<\/div>\n<p>La s\u00e9rie de colorants fluorescents ARALON convient \u00e0 de telles applications.<\/p>\n<table style=\"border-collapse: collapse; width: 674px; height: 1001px;\" border=\"0\" width=\"400\" cellspacing=\"0\" cellpadding=\"0\">\n<tbody>\n<tr style=\"height: 30.0pt;\">\n<td class=\"xl63\" style=\"height: 30.0pt; width: 60pt;\" width=\"80\" height=\"40\">Trade Name<\/td>\n<td class=\"xl63\" style=\"width: 60pt;\" width=\"80\">C.I. Name<\/td>\n<td class=\"xl63\" style=\"width: 60pt;\" width=\"80\">CAS<\/td>\n<td class=\"xl63\" style=\"width: 60pt;\" width=\"80\">EINECS<\/td>\n<td class=\"xl63\" style=\"width: 60pt;\" width=\"80\">Major Application<\/td>\n<\/tr>\n<tr style=\"height: 30.0pt;\">\n<td class=\"xl63\" style=\"height: 30.0pt; width: 60pt;\" width=\"80\" height=\"40\">ARALON\u00ae AR52<\/td>\n<td class=\"xl63\" style=\"width: 60pt;\" width=\"80\">Acid Red 52<\/td>\n<td class=\"xl63\" style=\"width: 60pt;\" width=\"80\">3520-42-1<\/td>\n<td class=\"xl63\" style=\"width: 60pt;\" width=\"80\">222-529-8<\/td>\n<td class=\"xl63\" style=\"width: 60pt;\" width=\"80\">Waterborne inks<\/td>\n<\/tr>\n<tr style=\"height: 30.0pt;\">\n<td class=\"xl63\" style=\"height: 30.0pt; width: 60pt;\" width=\"80\" height=\"40\">ARALON\u00ae BV11<\/td>\n<td class=\"xl63\" style=\"width: 60pt;\" width=\"80\">Basic Violet 11<\/td>\n<td class=\"xl63\" style=\"width: 60pt;\" width=\"80\">2390-63-8<\/td>\n<td class=\"xl63\" style=\"width: 60pt;\" width=\"80\">219-233-6<\/td>\n<td class=\"xl63\" style=\"width: 60pt;\" width=\"80\">Waterborne inks<\/td>\n<\/tr>\n<tr style=\"height: 30.0pt;\">\n<td class=\"xl63\" style=\"height: 30.0pt; width: 60pt;\" width=\"80\" height=\"40\">ARALON\u00ae BY40<\/td>\n<td class=\"xl63\" style=\"width: 60pt;\" width=\"80\">Basic Yellow 40<\/td>\n<td class=\"xl63\" style=\"width: 60pt;\" width=\"80\">29556-33-0<\/td>\n<td class=\"xl63\" style=\"width: 60pt;\" width=\"80\">249-694-9<\/td>\n<td class=\"xl63\" style=\"width: 60pt;\" width=\"80\">Waterborne inks<\/td>\n<\/tr>\n<tr style=\"height: 30.0pt;\">\n<td class=\"xl63\" style=\"height: 30.0pt; width: 60pt;\" width=\"80\" height=\"40\">ARALON\u00ae SG7<\/td>\n<td class=\"xl63\" style=\"width: 60pt;\" width=\"80\">Solvent Green 7<\/td>\n<td class=\"xl63\" style=\"width: 60pt;\" width=\"80\">6358-69-6<\/td>\n<td class=\"xl63\" style=\"width: 60pt;\" width=\"80\">228-783-6<\/td>\n<td class=\"xl63\" style=\"width: 60pt;\" width=\"80\">Waterborne inks<\/td>\n<\/tr>\n<tr style=\"height: 45.0pt;\">\n<td class=\"xl63\" style=\"height: 45.0pt; width: 60pt;\" width=\"80\" height=\"60\">ARALON\u00ae SY160:1<\/td>\n<td class=\"xl63\" style=\"width: 60pt;\" width=\"80\">Solvent Yellow 160:1<\/td>\n<td class=\"xl63\" style=\"width: 60pt;\" width=\"80\">35773-43-4<\/td>\n<td class=\"xl63\" style=\"width: 60pt;\" width=\"80\">252-722-2<\/td>\n<td class=\"xl63\" style=\"width: 60pt;\" width=\"80\">Marking, Eng. plastics<\/td>\n<\/tr>\n<tr style=\"height: 45.0pt;\">\n<td class=\"xl63\" style=\"height: 45.0pt; width: 60pt;\" width=\"80\" height=\"60\">ARALON\u00ae SY98<\/td>\n<td class=\"xl63\" style=\"width: 60pt;\" width=\"80\">Solvent Yellow 98<\/td>\n<td class=\"xl63\" style=\"width: 60pt;\" width=\"80\">\u00a027870-92-4<\/td>\n<td class=\"xl63\" style=\"width: 60pt;\" width=\"80\">248-702-8<\/td>\n<td class=\"xl63\" style=\"width: 60pt;\" width=\"80\">Marking, Eng. plastics<\/td>\n<\/tr>\n<tr style=\"height: 45.0pt;\">\n<td class=\"xl63\" style=\"height: 45.0pt; width: 60pt;\" width=\"80\" height=\"60\">ARALON\u00ae SO63<\/td>\n<td class=\"xl63\" style=\"width: 60pt;\" width=\"80\">Solvent Orange 63<\/td>\n<td class=\"xl63\" style=\"width: 60pt;\" width=\"80\">16294-75-0<\/td>\n<td class=\"xl63\" style=\"width: 60pt;\" width=\"80\">240-385-4<\/td>\n<td class=\"xl63\" style=\"width: 60pt;\" width=\"80\">Marking, Eng. plastics<\/td>\n<\/tr>\n<tr style=\"height: 45.0pt;\">\n<td class=\"xl63\" style=\"height: 45.0pt; width: 60pt;\" width=\"80\" height=\"60\">ARALON\u00ae SR105<\/td>\n<td class=\"xl63\" style=\"width: 60pt;\" width=\"80\">Solvent RED<\/td>\n<td class=\"xl63\" style=\"width: 60pt;\" width=\"80\">&#8211;<\/td>\n<td class=\"xl63\" style=\"width: 60pt;\" width=\"80\"><\/td>\n<td class=\"xl63\" style=\"width: 60pt;\" width=\"80\">Marking, Eng. plastics<\/td>\n<\/tr>\n<tr style=\"height: 45.0pt;\">\n<td class=\"xl63\" style=\"height: 45.0pt; width: 60pt;\" width=\"80\" height=\"60\">ARALON\u00ae FB61<\/td>\n<td class=\"xl63\" style=\"width: 60pt;\" width=\"80\">Flu. Brightener 61<\/td>\n<td class=\"xl63\" style=\"width: 60pt;\" width=\"80\">91-44-1<\/td>\n<td class=\"xl63\" style=\"width: 60pt;\" width=\"80\">202-068-9<\/td>\n<td class=\"xl63\" style=\"width: 60pt;\" width=\"80\">Marking, leak detection<\/td>\n<\/tr>\n<tr style=\"height: 45.0pt;\">\n<td class=\"xl63\" style=\"height: 45.0pt; width: 60pt;\" width=\"80\" height=\"60\">ARALON\u00ae FB184<\/td>\n<td class=\"xl63\" style=\"width: 60pt;\" width=\"80\">Flu. Brightener 184<\/td>\n<td class=\"xl63\" style=\"width: 60pt;\" width=\"80\">7128-64-5<\/td>\n<td class=\"xl63\" style=\"width: 60pt;\" width=\"80\">230-426-4<\/td>\n<td class=\"xl63\" style=\"width: 60pt;\" width=\"80\">Marking, Eng. plastics<\/td>\n<\/tr>\n<tr style=\"height: 45.0pt;\">\n<td class=\"xl63\" style=\"height: 45.0pt; width: 60pt;\" width=\"80\" height=\"60\">ARALON\u00ae SY43<\/td>\n<td class=\"xl63\" style=\"width: 60pt;\" width=\"80\">Solvent Yellow 43<\/td>\n<td class=\"xl63\" style=\"width: 60pt;\" width=\"80\">19125-99-6<\/td>\n<td class=\"xl63\" style=\"width: 60pt;\" width=\"80\">242-828-7<\/td>\n<td class=\"xl63\" style=\"width: 60pt;\" width=\"80\">Marking, leak detection<\/td>\n<\/tr>\n<tr style=\"height: 45.0pt;\">\n<td class=\"xl63\" style=\"height: 45.0pt; width: 60pt;\" width=\"80\" height=\"60\">ARALON\u00ae SR49<\/td>\n<td class=\"xl63\" style=\"width: 60pt;\" width=\"80\">Solvent RED 49<\/td>\n<td class=\"xl63\" style=\"width: 60pt;\" width=\"80\">509-34-2<\/td>\n<td class=\"xl63\" style=\"width: 60pt;\" width=\"80\">208-096-8<\/td>\n<td class=\"xl63\" style=\"width: 60pt;\" width=\"80\">Marking, leak detection<\/td>\n<\/tr>\n<tr style=\"height: 30.0pt;\">\n<td class=\"xl63\" style=\"height: 30.0pt; width: 60pt;\" width=\"80\" height=\"40\">ARALON\u00ae AY73<\/td>\n<td class=\"xl63\" style=\"width: 60pt;\" width=\"80\">Acid Yellow 73<\/td>\n<td>518 \u2013 47 &#8211; 8<\/td>\n<td>208-253-0<\/td>\n<td class=\"xl63\" style=\"width: 60pt;\" width=\"80\">Paper marking<\/td>\n<\/tr>\n<tr style=\"height: 30.0pt;\">\n<td class=\"xl63\" style=\"height: 30.0pt; width: 60pt;\" width=\"80\" height=\"40\">ARALON\u00ae SR197<\/td>\n<td class=\"xl63\" style=\"width: 60pt;\" width=\"80\">Solvent Red197<\/td>\n<td>52372-39-1<\/td>\n<td>257-885-3<\/td>\n<td class=\"xl63\" style=\"width: 60pt;\" width=\"80\">Marking, tracing<\/td>\n<\/tr>\n<\/tbody>\n<\/table>\n<p>Pour plus de d\u00e9tails techniques, veuillez vous r\u00e9f\u00e9rer \u00e0 la fiche technique du colorant correspondant.<\/p>\n<p><img loading=\"lazy\" decoding=\"async\" class=\"aligncenter size-full wp-image-730\" src=\"http:\/\/araloncolor.com\/wp-content\/uploads\/2017\/03\/2014-07-12-Fluorescent-table.jpg\" alt=\"\" width=\"3264\" height=\"2448\" srcset=\"https:\/\/araloncolor.com\/wp-content\/uploads\/2017\/03\/2014-07-12-Fluorescent-table.jpg 3264w, https:\/\/araloncolor.com\/wp-content\/uploads\/2017\/03\/2014-07-12-Fluorescent-table-300x225.jpg 300w, https:\/\/araloncolor.com\/wp-content\/uploads\/2017\/03\/2014-07-12-Fluorescent-table-768x576.jpg 768w, https:\/\/araloncolor.com\/wp-content\/uploads\/2017\/03\/2014-07-12-Fluorescent-table-1024x768.jpg 1024w\" sizes=\"(max-width: 767px) 89vw, (max-width: 1000px) 54vw, (max-width: 1071px) 543px, 580px\" \/><\/p>\n<\/div>\n<\/div>\n<p><\/p>","protected":false},"excerpt":{"rendered":"<p>Il existe plusieurs applications qui b\u00e9n\u00e9ficient de l&rsquo;utilisation de colorants fluorescents. La s\u00e9rie de colorants fluorescents ARALON convient \u00e0 de telles applications. Trade Name C.I. Name CAS EINECS Major Application ARALON\u00ae AR52 Acid Red 52 3520-42-1 222-529-8 Waterborne inks ARALON\u00ae BV11 Basic Violet 11 2390-63-8 219-233-6 Waterborne inks ARALON\u00ae BY40 Basic Yellow 40 29556-33-0 249-694-9 &hellip; <\/p>\n<p class=\"link-more\"><a href=\"https:\/\/araloncolor.com\/fr\/products\/fluorescent-dyes\/\" class=\"more-link\">Continuer la lecture<span class=\"screen-reader-text\"> de &laquo;&nbsp;Colorants fluorescents&nbsp;&raquo;<\/span><\/a><\/p>\n","protected":false},"author":2,"featured_media":1530,"parent":825,"menu_order":0,"comment_status":"closed","ping_status":"closed","template":"","meta":{"footnotes":""},"aioseo_notices":[],"_links":{"self":[{"href":"https:\/\/araloncolor.com\/fr\/wp-json\/wp\/v2\/pages\/118"}],"collection":[{"href":"https:\/\/araloncolor.com\/fr\/wp-json\/wp\/v2\/pages"}],"about":[{"href":"https:\/\/araloncolor.com\/fr\/wp-json\/wp\/v2\/types\/page"}],"author":[{"embeddable":true,"href":"https:\/\/araloncolor.com\/fr\/wp-json\/wp\/v2\/users\/2"}],"replies":[{"embeddable":true,"href":"https:\/\/araloncolor.com\/fr\/wp-json\/wp\/v2\/comments?post=118"}],"version-history":[{"count":0,"href":"https:\/\/araloncolor.com\/fr\/wp-json\/wp\/v2\/pages\/118\/revisions"}],"up":[{"embeddable":true,"href":"https:\/\/araloncolor.com\/fr\/wp-json\/wp\/v2\/pages\/825"}],"wp:featuredmedia":[{"embeddable":true,"href":"https:\/\/araloncolor.com\/fr\/wp-json\/wp\/v2\/media\/1530"}],"wp:attachment":[{"href":"https:\/\/araloncolor.com\/fr\/wp-json\/wp\/v2\/media?parent=118"}],"curies":[{"name":"wp","href":"https:\/\/api.w.org\/{rel}","templated":true}]}}