{"id":121,"date":"2017-03-15T20:52:20","date_gmt":"2017-03-15T19:52:20","guid":{"rendered":"http:\/\/araloncolor.com\/?page_id=121"},"modified":"2024-10-01T16:02:02","modified_gmt":"2024-10-01T14:02:02","slug":"colored-resins","status":"publish","type":"page","link":"https:\/\/araloncolor.com\/fr\/products\/colored-resins\/","title":{"rendered":"R\u00e9sines color\u00e9es"},"content":{"rendered":"<p>Notre connaissance et notre expertise sont utilis\u00e9es dans la coloration des r\u00e9sines avec toutes les nuances possibles et de cibler ces produits finaux \u00e0 l&rsquo;application d\u00e9finis par les clients.<\/p>\n<p>Aujourd&rsquo;hui, dans les applications o\u00f9 les pigments et les colorants actuels ne donnent pas enti\u00e8re satisfaction, la technologie de la r\u00e9sine color\u00e9e de ARALON\u00ae peut cr\u00e9er des produits sp\u00e9cialis\u00e9s afin de surmonter ces probl\u00e8mes. Ce concept a d\u00e9j\u00e0 \u00e9t\u00e9 mis en place avec des partenaires multiples.<\/p>","protected":false},"excerpt":{"rendered":"<p>Notre connaissance et notre expertise sont utilis\u00e9es dans la coloration des r\u00e9sines avec toutes les nuances possibles et de cibler ces produits finaux \u00e0 l&rsquo;application d\u00e9finis par les clients. Aujourd&rsquo;hui, dans les applications o\u00f9 les pigments et les colorants actuels ne donnent pas enti\u00e8re satisfaction, la technologie de la r\u00e9sine color\u00e9e de ARALON\u00ae peut cr\u00e9er &hellip; <\/p>\n<p class=\"link-more\"><a href=\"https:\/\/araloncolor.com\/fr\/products\/colored-resins\/\" class=\"more-link\">Continuer la lecture<span class=\"screen-reader-text\"> de &laquo;&nbsp;R\u00e9sines color\u00e9es&nbsp;&raquo;<\/span><\/a><\/p>\n","protected":false},"author":2,"featured_media":1529,"parent":825,"menu_order":0,"comment_status":"closed","ping_status":"closed","template":"","meta":{"footnotes":""},"aioseo_notices":[],"_links":{"self":[{"href":"https:\/\/araloncolor.com\/fr\/wp-json\/wp\/v2\/pages\/121"}],"collection":[{"href":"https:\/\/araloncolor.com\/fr\/wp-json\/wp\/v2\/pages"}],"about":[{"href":"https:\/\/araloncolor.com\/fr\/wp-json\/wp\/v2\/types\/page"}],"author":[{"embeddable":true,"href":"https:\/\/araloncolor.com\/fr\/wp-json\/wp\/v2\/users\/2"}],"replies":[{"embeddable":true,"href":"https:\/\/araloncolor.com\/fr\/wp-json\/wp\/v2\/comments?post=121"}],"version-history":[{"count":0,"href":"https:\/\/araloncolor.com\/fr\/wp-json\/wp\/v2\/pages\/121\/revisions"}],"up":[{"embeddable":true,"href":"https:\/\/araloncolor.com\/fr\/wp-json\/wp\/v2\/pages\/825"}],"wp:featuredmedia":[{"embeddable":true,"href":"https:\/\/araloncolor.com\/fr\/wp-json\/wp\/v2\/media\/1529"}],"wp:attachment":[{"href":"https:\/\/araloncolor.com\/fr\/wp-json\/wp\/v2\/media?parent=121"}],"curies":[{"name":"wp","href":"https:\/\/api.w.org\/{rel}","templated":true}]}}