{"id":124,"date":"2017-03-15T20:53:07","date_gmt":"2017-03-15T19:53:07","guid":{"rendered":"http:\/\/araloncolor.com\/?page_id=124"},"modified":"2024-10-29T16:37:52","modified_gmt":"2024-10-29T14:37:52","slug":"embedding-technology","status":"publish","type":"page","link":"https:\/\/araloncolor.com\/fr\/products\/embedding-technology\/","title":{"rendered":"Embedding Technology"},"content":{"rendered":"<p>Nous serions heureux d&rsquo;utiliser notre savoir-faire dans \u00ab\u00a0Embedding Technology\u00a0\u00bb pour des projets personnalis\u00e9s sp\u00e9cifi\u00e9s et la cr\u00e9ation de nouveaux produits.<\/p>\n<p>\u00ab\u00a0Embedding Technology\u00a0\u00bb pourrait \u00eatre utilis\u00e9e pour:<\/p>\n<ol>\n<li>Cr\u00e9er ou augmenter la compatibilit\u00e9 de la formulation<\/li>\n<li>R\u00e9duire ou \u00e9liminer potentiel s\u00e9dimentation<\/li>\n<li>R\u00e9duire ou \u00e9viter la migration, l&rsquo;efflorescence et la production des plaques.<\/li>\n<li>Augmenter la stabilit\u00e9 \u00e0 la chaleur et \u00e0 la lumi\u00e8re<\/li>\n<li>Faciliter l&rsquo;int\u00e9gration des diff\u00e9rents additifs dans des supports et des applications qui n&rsquo;\u00e9taient pas possible ou r\u00e9alisable avant d&rsquo;utiliser \u00ab\u00a0Embedding Technology\u00a0\u00bb<\/li>\n<\/ol>\n<p><\/p>","protected":false},"excerpt":{"rendered":"<p>Nous serions heureux d&rsquo;utiliser notre savoir-faire dans \u00ab\u00a0Embedding Technology\u00a0\u00bb pour des projets personnalis\u00e9s sp\u00e9cifi\u00e9s et la cr\u00e9ation de nouveaux produits. \u00ab\u00a0Embedding Technology\u00a0\u00bb pourrait \u00eatre utilis\u00e9e pour: Cr\u00e9er ou augmenter la compatibilit\u00e9 de la formulation R\u00e9duire ou \u00e9liminer potentiel s\u00e9dimentation R\u00e9duire ou \u00e9viter la migration, l&rsquo;efflorescence et la production des plaques. Augmenter la stabilit\u00e9 \u00e0 la &hellip; <\/p>\n<p class=\"link-more\"><a href=\"https:\/\/araloncolor.com\/fr\/products\/embedding-technology\/\" class=\"more-link\">Continuer la lecture<span class=\"screen-reader-text\"> de &laquo;&nbsp;Embedding Technology&nbsp;&raquo;<\/span><\/a><\/p>\n","protected":false},"author":2,"featured_media":1508,"parent":825,"menu_order":0,"comment_status":"closed","ping_status":"closed","template":"","meta":{"footnotes":""},"aioseo_notices":[],"_links":{"self":[{"href":"https:\/\/araloncolor.com\/fr\/wp-json\/wp\/v2\/pages\/124"}],"collection":[{"href":"https:\/\/araloncolor.com\/fr\/wp-json\/wp\/v2\/pages"}],"about":[{"href":"https:\/\/araloncolor.com\/fr\/wp-json\/wp\/v2\/types\/page"}],"author":[{"embeddable":true,"href":"https:\/\/araloncolor.com\/fr\/wp-json\/wp\/v2\/users\/2"}],"replies":[{"embeddable":true,"href":"https:\/\/araloncolor.com\/fr\/wp-json\/wp\/v2\/comments?post=124"}],"version-history":[{"count":0,"href":"https:\/\/araloncolor.com\/fr\/wp-json\/wp\/v2\/pages\/124\/revisions"}],"up":[{"embeddable":true,"href":"https:\/\/araloncolor.com\/fr\/wp-json\/wp\/v2\/pages\/825"}],"wp:featuredmedia":[{"embeddable":true,"href":"https:\/\/araloncolor.com\/fr\/wp-json\/wp\/v2\/media\/1508"}],"wp:attachment":[{"href":"https:\/\/araloncolor.com\/fr\/wp-json\/wp\/v2\/media?parent=124"}],"curies":[{"name":"wp","href":"https:\/\/api.w.org\/{rel}","templated":true}]}}