{"id":127,"date":"2017-03-15T20:53:55","date_gmt":"2017-03-15T19:53:55","guid":{"rendered":"http:\/\/araloncolor.com\/?page_id=127"},"modified":"2024-10-01T16:02:31","modified_gmt":"2024-10-01T14:02:31","slug":"customized-dispersions","status":"publish","type":"page","link":"https:\/\/araloncolor.com\/fr\/products\/customized-dispersions\/","title":{"rendered":"Des dispersions personnalis\u00e9es"},"content":{"rendered":"<p>Notre production sp\u00e9ciale et mat\u00e9riel de laboratoire permettent la production de pigments blancs (TiO2, ZnS, ZnO) et pigments fluorescents dispersions et autres produits fluorescents dans des r\u00e9sines sp\u00e9cifiques, qui n\u00e9cessitent la manipulation et la conception des installations sophistiqu\u00e9es.<\/p>\n<p>Nos clients et partenaires sont invit\u00e9s \u00e0 nous contacter afin de concevoir des dispersions de sp\u00e9cialit\u00e9.<\/p>","protected":false},"excerpt":{"rendered":"<p>Notre production sp\u00e9ciale et mat\u00e9riel de laboratoire permettent la production de pigments blancs (TiO2, ZnS, ZnO) et pigments fluorescents dispersions et autres produits fluorescents dans des r\u00e9sines sp\u00e9cifiques, qui n\u00e9cessitent la manipulation et la conception des installations sophistiqu\u00e9es. Nos clients et partenaires sont invit\u00e9s \u00e0 nous contacter afin de concevoir des dispersions de sp\u00e9cialit\u00e9.<\/p>\n","protected":false},"author":2,"featured_media":1529,"parent":825,"menu_order":0,"comment_status":"closed","ping_status":"closed","template":"","meta":{"footnotes":""},"aioseo_notices":[],"_links":{"self":[{"href":"https:\/\/araloncolor.com\/fr\/wp-json\/wp\/v2\/pages\/127"}],"collection":[{"href":"https:\/\/araloncolor.com\/fr\/wp-json\/wp\/v2\/pages"}],"about":[{"href":"https:\/\/araloncolor.com\/fr\/wp-json\/wp\/v2\/types\/page"}],"author":[{"embeddable":true,"href":"https:\/\/araloncolor.com\/fr\/wp-json\/wp\/v2\/users\/2"}],"replies":[{"embeddable":true,"href":"https:\/\/araloncolor.com\/fr\/wp-json\/wp\/v2\/comments?post=127"}],"version-history":[{"count":0,"href":"https:\/\/araloncolor.com\/fr\/wp-json\/wp\/v2\/pages\/127\/revisions"}],"up":[{"embeddable":true,"href":"https:\/\/araloncolor.com\/fr\/wp-json\/wp\/v2\/pages\/825"}],"wp:featuredmedia":[{"embeddable":true,"href":"https:\/\/araloncolor.com\/fr\/wp-json\/wp\/v2\/media\/1529"}],"wp:attachment":[{"href":"https:\/\/araloncolor.com\/fr\/wp-json\/wp\/v2\/media?parent=127"}],"curies":[{"name":"wp","href":"https:\/\/api.w.org\/{rel}","templated":true}]}}