{"id":1412,"date":"2024-09-26T11:36:45","date_gmt":"2024-09-26T09:36:45","guid":{"rendered":"https:\/\/araloncolor.com\/?page_id=1412"},"modified":"2024-09-27T10:38:49","modified_gmt":"2024-09-27T08:38:49","slug":"aragen-10","status":"publish","type":"page","link":"https:\/\/araloncolor.com\/fr\/aragen-10\/","title":{"rendered":"ARAGEN-10"},"content":{"rendered":"<h2 class=\"wp-block-heading\"><strong>Pigments fluorescents sans formald\u00e9hyde de nouvelle g\u00e9n\u00e9ration<\/strong> <\/h2>\n\n\n\n<p><\/p>\n\n\n<div class=\"wp-block-image\">\n<figure class=\"aligncenter\"><img loading=\"lazy\" decoding=\"async\" width=\"1019\" height=\"649\" src=\"http:\/\/araloncolor.com\/wp-content\/uploads\/2018\/03\/ARAGEN-10-ARAQUA-10-Spider-EN.png\" alt=\"\" class=\"wp-image-598\" srcset=\"https:\/\/araloncolor.com\/wp-content\/uploads\/2018\/03\/ARAGEN-10-ARAQUA-10-Spider-EN.png 1019w, https:\/\/araloncolor.com\/wp-content\/uploads\/2018\/03\/ARAGEN-10-ARAQUA-10-Spider-EN-300x191.png 300w, https:\/\/araloncolor.com\/wp-content\/uploads\/2018\/03\/ARAGEN-10-ARAQUA-10-Spider-EN-768x489.png 768w\" sizes=\"(max-width: 767px) 89vw, (max-width: 1000px) 54vw, (max-width: 1071px) 543px, 580px\" \/><\/figure><\/div>\n\n\n<p>Une gamme de pigment fluorescent sans formald\u00e9hyde avec granulom\u00e9trie fine (D50 = 4 &#8211; 7 pm).<\/p>\n\n\n\n<p>Le support, bas\u00e9 sur une technologie de r\u00e9sine hybride et con\u00e7u sp\u00e9cialement pour textiles, les peintures, les encres, les caoutchoucs et d&rsquo;autres applications qui exigent une grande r\u00e9sistance aux solvants (pas dans l&rsquo;eau) et de la stabilit\u00e9 thermique<\/p>\n\n\n\n<p>Comme avec la s\u00e9rie ARACO -10, les produits de la s\u00e9rie ARAGEN-10 conservent leur granulom\u00e9trie et, dans une certaine mesure leur forme dans l&rsquo;application finale.<\/p>\n\n\n\n<p>Cependant ARAGEN-199 BLEU UV peut \u00eatre m\u00e9lang\u00e9 avec toutes les autres couleurs dans la gamme afin d&rsquo;obtenir des nuances plus claires sous la lumi\u00e8re UV ou de r\u00e9duire la force de la couleur sans perdre l&rsquo;\u00e9clat final de la nuance.<\/p>\n\n\n\n<div style=\"overflow-x: auto;\">\n<table border=\"0\" style=\"border-collapse: collapse; width: 100%; table-layout: auto;\">\n    <tbody>\n        <tr>\n            <td style=\"border: 2px solid lightgray; padding: 5px; white-space: nowrap; width: 2%;\">ARAGEN-100<\/td>\n            <td style=\"border: 2px solid lightgray; padding: 5px; white-space: nowrap; width: 2%;\">LEMON<\/td>\n            <td style=\"border: 2px solid lightgray; background-color: #fafa00; width: 50px;\"><\/td> \n        <\/tr>\n        <tr>\n            <td style=\"border: 2px solid lightgray; padding: 5px; white-space: nowrap; width: 2%;\">ARAGEN-101<\/td>\n            <td style=\"border: 2px solid lightgray; padding: 5px; white-space: nowrap; width: 2%;\">GREEN<\/td>\n            <td style=\"border: 2px solid lightgray; background-color: #00b04f; width: 50px;\"><\/td> \n        <\/tr>\n        <tr>\n            <td style=\"border: 2px solid lightgray; padding: 5px; white-space: nowrap; width: 2%;\">ARAGEN-102<\/td>\n            <td style=\"border: 2px solid lightgray; padding: 5px; white-space: nowrap; width: 2%;\">ORANGE-YELLOW<\/td>\n            <td style=\"border: 2px solid lightgray; background-color: #ff9a36; width: 50px;\"><\/td> \n        <\/tr>\n        <tr>\n            <td style=\"border: 2px solid lightgray; padding: 5px; white-space: nowrap; width: 2%;\">ARAGEN-103<\/td>\n            <td style=\"border: 2px solid lightgray; padding: 5px; white-space: nowrap; width: 2%;\">ORANGE<\/td>\n            <td style=\"border: 2px solid lightgray; background-color: #ff6303; width: 50px;\"><\/td> \n        <\/tr>\n        <tr>\n            <td style=\"border: 2px solid lightgray; padding: 5px; white-space: nowrap; width: 2%;\">ARAGEN-104<\/td>\n            <td style=\"border: 2px solid lightgray; padding: 5px; white-space: nowrap; width: 2%;\">ORANGE-RED<\/td>\n            <td style=\"border: 2px solid lightgray; background-color: #ff3300; width: 50px;\"><\/td> \n        <\/tr>\n        <tr>\n            <td style=\"border: 2px solid lightgray; padding: 5px; white-space: nowrap; width: 2%;\">ARAGEN-105<\/td>\n            <td style=\"border: 2px solid lightgray; padding: 5px; white-space: nowrap; width: 2%;\">RED<\/td>\n            <td style=\"border: 2px solid lightgray; background-color: #ff0000; width: 50px;\"><\/td> \n        <\/tr>\n        <tr>\n            <td style=\"border: 2px solid lightgray; padding: 5px; white-space: nowrap; width: 2%;\">ARAGEN-115<\/td>\n            <td style=\"border: 2px solid lightgray; padding: 5px; white-space: nowrap; width: 2%;\">STRONG RED<\/td>\n            <td style=\"border: 2px solid lightgray; background-color: #db0000; width: 50px;\"><\/td> \n        <\/tr>\n        <tr>\n            <td style=\"border: 2px solid lightgray; padding: 5px; white-space: nowrap; width: 2%;\">ARAGEN-106<\/td>\n            <td style=\"border: 2px solid lightgray; padding: 5px; white-space: nowrap; width: 2%;\">PINK<\/td>\n            <td style=\"border: 2px solid lightgray; background-color: #ff3399; width: 50px;\"><\/td> \n        <\/tr>\n        <tr>\n            <td style=\"border: 2px solid lightgray; padding: 5px; white-space: nowrap; width: 2%;\">ARAGEN-117<\/td>\n            <td style=\"border: 2px solid lightgray; padding: 5px; white-space: nowrap; width: 2%;\">MAGENTA<\/td>\n            <td style=\"border: 2px solid lightgray; background-color: #ff00ff; width: 50px;\"><\/td> \n        <\/tr>\n        <tr>\n            <td style=\"border: 2px solid lightgray; padding: 5px; white-space: nowrap; width: 2%;\">ARAGEN-109<\/td>\n            <td style=\"border: 2px solid lightgray; padding: 5px; white-space: nowrap; width: 2%;\">BLUE<\/td>\n            <td style=\"border: 2px solid lightgray; background-color: #0000ff; width: 50px;\"><\/td> \n        <\/tr>\n        <tr>\n            <td style=\"border: 2px solid lightgray; padding: 5px; white-space: nowrap; width: 2%\">ARAGEN-199 UV<\/td>\n            <td style=\"border: 2px solid lightgray; padding: 5px; white-space: nowrap; width: 2%;\">BLUE<\/td>\n            <td style=\"border: 2px solid lightgray; background-color: #c9edff; width: 50px;\"><\/td> \n        <\/tr>\n        <tr>\n            <td colspan=\"3\" style=\"border: 2px solid lightgray; padding: 5px; text-align: left;\">Les teintes ci-dessus ne sont qu&rsquo;indicatives ; les \u00e9crans d&rsquo;ordinateur et les imprimantes conventionnelles ne peuvent pas reproduire les vraies teintes fluorescentes.<\/td>\n        <\/tr>\n    <\/tbody>\n<\/table>\n<\/div>\n\n\n\n<p><\/p>\n\n\n\n<p><\/p>","protected":false},"excerpt":{"rendered":"<p>Pigments fluorescents sans formald\u00e9hyde de nouvelle g\u00e9n\u00e9ration Une gamme de pigment fluorescent sans formald\u00e9hyde avec granulom\u00e9trie fine (D50 = 4 &#8211; 7 pm). Le support, bas\u00e9 sur une technologie de r\u00e9sine hybride et con\u00e7u sp\u00e9cialement pour textiles, les peintures, les encres, les caoutchoucs et d&rsquo;autres applications qui exigent une grande r\u00e9sistance aux solvants (pas dans &hellip; <\/p>\n<p class=\"link-more\"><a href=\"https:\/\/araloncolor.com\/fr\/aragen-10\/\" class=\"more-link\">Continuer la lecture<span class=\"screen-reader-text\"> de &laquo;&nbsp;ARAGEN-10&nbsp;&raquo;<\/span><\/a><\/p>\n","protected":false},"author":2,"featured_media":1418,"parent":0,"menu_order":0,"comment_status":"closed","ping_status":"closed","template":"","meta":{"footnotes":""},"aioseo_notices":[],"_links":{"self":[{"href":"https:\/\/araloncolor.com\/fr\/wp-json\/wp\/v2\/pages\/1412"}],"collection":[{"href":"https:\/\/araloncolor.com\/fr\/wp-json\/wp\/v2\/pages"}],"about":[{"href":"https:\/\/araloncolor.com\/fr\/wp-json\/wp\/v2\/types\/page"}],"author":[{"embeddable":true,"href":"https:\/\/araloncolor.com\/fr\/wp-json\/wp\/v2\/users\/2"}],"replies":[{"embeddable":true,"href":"https:\/\/araloncolor.com\/fr\/wp-json\/wp\/v2\/comments?post=1412"}],"version-history":[{"count":0,"href":"https:\/\/araloncolor.com\/fr\/wp-json\/wp\/v2\/pages\/1412\/revisions"}],"wp:featuredmedia":[{"embeddable":true,"href":"https:\/\/araloncolor.com\/fr\/wp-json\/wp\/v2\/media\/1418"}],"wp:attachment":[{"href":"https:\/\/araloncolor.com\/fr\/wp-json\/wp\/v2\/media?parent=1412"}],"curies":[{"name":"wp","href":"https:\/\/api.w.org\/{rel}","templated":true}]}}