{"id":1435,"date":"2024-09-27T13:37:14","date_gmt":"2024-09-27T11:37:14","guid":{"rendered":"https:\/\/araloncolor.com\/?page_id=1435"},"modified":"2024-10-16T09:17:28","modified_gmt":"2024-10-16T07:17:28","slug":"araplast-20","status":"publish","type":"page","link":"https:\/\/araloncolor.com\/fr\/araplast-20\/","title":{"rendered":"ARAPLAST-20"},"content":{"rendered":"<p>Cette Aralon<sup>\u00ae\u00a0<\/sup>s\u00e9rie est une deuxi\u00e8me gamme de pigments de fusion fluorescente sans formald\u00e9hyde, avec des propri\u00e9t\u00e9s similaires \u00e0 la s\u00e9rie <a href=\"https:\/\/araloncolor.com\/araplast-10\/\" title=\"ARPLAST -10\">ARPLAST -10<\/a>. Con\u00e7u \u00e9galement pour la coloration des Ol\u00e9fines de (HDPE, MDPE, LDPE, PP, RPC) et les polym\u00e8res TPU. Elle diff\u00e8re de la s\u00e9rie ARAPLAST -10 par sa gamme de point de fusion plus \u00e9lev\u00e9.<\/p>\n\n\n\n<p>Il &nbsp;<strong><u>n&rsquo;est pas<\/u><\/strong>&nbsp;conseill\u00e9 de m\u00e9langer les deux s\u00e9ries ARAPLAST -10 et ARAPLAST -20 (@&gt;5%) pour l\u2019obtention de nuances interm\u00e9diaires de couleurs. Ces couleurs interm\u00e9diaires sont obtenues de fa\u00e7on optimale en m\u00e9langeant des \u00e9l\u00e9ments de la m\u00eame s\u00e9rie.<\/p>\n\n\n\n<p>Tous les produits de la s\u00e9rie ARAPLAST -20 peuvent \u00eatre m\u00e9lang\u00e9s entre eux et utilis\u00e9s dans des applications en suivant les m\u00eames recommandations et les limites indiqu\u00e9es pour la s\u00e9rie <a href=\"https:\/\/araloncolor.com\/araplast-10\/\" title=\"ARAPLAST -10\">ARAPLAST -10<\/a>.<\/p>\n\n\n\n<div style=\"overflow-x: auto;\">\n<table border=\"0\" style=\"border-collapse: collapse; width: 100%; table-layout: auto;\">\n    <tbody>\n        <tr>\n            <td style=\"border: 2px solid lightgray; padding: 5px; white-space: nowrap; width: 2%;\">ARAPLAST-206<\/td>\n            <td style=\"border: 2px solid lightgray; padding: 5px; white-space: nowrap; width: 2%;\">PINK<\/td>\n            <td style=\"border: 2px solid lightgray; background-color: #ff3299; width: 50px;\"><\/td> \n        <\/tr>\n        <tr>\n            <td style=\"border: 2px solid lightgray; padding: 5px; white-space: nowrap; width: 2%;\">ARAPLAST-216<\/td>\n            <td style=\"border: 2px solid lightgray; padding: 5px; white-space: nowrap; width: 2%;\">STRONG PINK<\/td>\n            <td style=\"border: 2px solid lightgray; background-color: #fe0980; width: 50px;\"><\/td> \n        <\/tr>\n        <tr>\n            <td style=\"border: 2px solid lightgray; padding: 5px; white-space: nowrap; width: 2%;\">ARAPLAST-207<\/td>\n            <td style=\"border: 2px solid lightgray; padding: 5px; white-space: nowrap; width: 2%;\">MAGENTA<\/td>\n            <td style=\"border: 2px solid lightgray; background-color: #ff00fd; width: 50px;\"><\/td> \n        <\/tr>\n        <tr>\n            <td style=\"border: 2px solid lightgray; padding: 5px; white-space: nowrap; width: 2%;\">ARAPLAST-217<\/td>\n            <td style=\"border: 2px solid lightgray; padding: 5px; white-space: nowrap; width: 2%;\">STRONG MAGENTA<\/td>\n            <td style=\"border: 2px solid lightgray; background-color: #c101c1; width: 50px;\"><\/td> \n        <\/tr>\n        <tr>\n            <td colspan=\"3\" style=\"border: 2px solid lightgray; padding: 5px; text-align: left;\">Les teintes ci-dessus ne sont qu\u2019indicatives ; les \u00e9crans d\u2019ordinateur et les imprimantes conventionnelles ne peuvent pas reproduire les vraies teintes fluorescentes..<\/td>\n        <\/tr>\n    <\/tbody>\n<\/table>\n<\/div>\n\n\n\n<p><\/p>","protected":false},"excerpt":{"rendered":"<p>Cette Aralon\u00ae\u00a0s\u00e9rie est une deuxi\u00e8me gamme de pigments de fusion fluorescente sans formald\u00e9hyde, avec des propri\u00e9t\u00e9s similaires \u00e0 la s\u00e9rie ARPLAST -10. Con\u00e7u \u00e9galement pour la coloration des Ol\u00e9fines de (HDPE, MDPE, LDPE, PP, RPC) et les polym\u00e8res TPU. Elle diff\u00e8re de la s\u00e9rie ARAPLAST -10 par sa gamme de point de fusion plus \u00e9lev\u00e9. &hellip; <\/p>\n<p class=\"link-more\"><a href=\"https:\/\/araloncolor.com\/fr\/araplast-20\/\" class=\"more-link\">Continuer la lecture<span class=\"screen-reader-text\"> de &laquo;&nbsp;ARAPLAST-20&nbsp;&raquo;<\/span><\/a><\/p>\n","protected":false},"author":2,"featured_media":1432,"parent":0,"menu_order":0,"comment_status":"closed","ping_status":"closed","template":"","meta":{"footnotes":""},"aioseo_notices":[],"_links":{"self":[{"href":"https:\/\/araloncolor.com\/fr\/wp-json\/wp\/v2\/pages\/1435"}],"collection":[{"href":"https:\/\/araloncolor.com\/fr\/wp-json\/wp\/v2\/pages"}],"about":[{"href":"https:\/\/araloncolor.com\/fr\/wp-json\/wp\/v2\/types\/page"}],"author":[{"embeddable":true,"href":"https:\/\/araloncolor.com\/fr\/wp-json\/wp\/v2\/users\/2"}],"replies":[{"embeddable":true,"href":"https:\/\/araloncolor.com\/fr\/wp-json\/wp\/v2\/comments?post=1435"}],"version-history":[{"count":0,"href":"https:\/\/araloncolor.com\/fr\/wp-json\/wp\/v2\/pages\/1435\/revisions"}],"wp:featuredmedia":[{"embeddable":true,"href":"https:\/\/araloncolor.com\/fr\/wp-json\/wp\/v2\/media\/1432"}],"wp:attachment":[{"href":"https:\/\/araloncolor.com\/fr\/wp-json\/wp\/v2\/media?parent=1435"}],"curies":[{"name":"wp","href":"https:\/\/api.w.org\/{rel}","templated":true}]}}