{"id":1437,"date":"2024-09-27T14:46:23","date_gmt":"2024-09-27T12:46:23","guid":{"rendered":"https:\/\/araloncolor.com\/?page_id=1437"},"modified":"2024-09-27T14:46:23","modified_gmt":"2024-09-27T12:46:23","slug":"aramark-30","status":"publish","type":"page","link":"https:\/\/araloncolor.com\/fr\/aramark-30\/","title":{"rendered":"ARAMARK-30"},"content":{"rendered":"<p>Les pigments ARAMARK-30 sont des \u00e9mulsions de pigments acryliques fluides, formald\u00e9hydes, fluorescents, \u00e0 base d\u2019eau, sp\u00e9cialement destin\u00e9es aux surligneurs \/ marqueurs apr\u00e8s dilution dans de l\u2019eau d\u00e9min\u00e9ralis\u00e9e. Les tailles de particules moyennes sont comprises entre 100 et 300 nm.<\/p>\n\n\n\n<p>En plus de leur utilisation principale dans les encres de marquage (surligneurs), les \u00e9mulsions ARAMARK-30 peuvent \u00e9galement \u00eatre utilis\u00e9es comme liant, en particulier pour les pigments fluorescents de la m\u00eame couleur et principalement pour les applications de couchage sur papier.<\/p>\n\n\n\n<p>Des applications sp\u00e9cialis\u00e9es comme le marquage et les essais non destructifs (END) sont \u00e9galement accessibles.<\/p>\n\n\n\n<div style=\"overflow-x: auto;\">\n<table border=\"0\" style=\"border-collapse: collapse; width: 100%; table-layout: auto;\">\n    <tbody>\n        <tr>\n            <td style=\"border: 2px solid lightgray; padding: 5px; white-space: nowrap; width: 2%;\">ARAMARK-300<\/td>\n            <td style=\"border: 2px solid lightgray; padding: 5px; white-space: nowrap; width: 2%;\">LEMON<\/td>\n            <td style=\"border: 2px solid lightgray; background-color: #ccdc01; width: 50px;\"><\/td> \n        <\/tr>\n\t\t  <tr>\n            <td style=\"border: 2px solid lightgray; padding: 5px; white-space: nowrap; width: 2%;\">ARAMARK-310<\/td>\n            <td style=\"border: 2px solid lightgray; padding: 5px; white-space: nowrap; width: 2%;\">STRONG-LEMON<\/td>\n            <td style=\"border: 2px solid lightgray; background-color: #ffff00; width: 50px;\"><\/td> \n        <\/tr>\n        <tr>\n            <td style=\"border: 2px solid lightgray; padding: 5px; white-space: nowrap; width: 2%;\">ARAMARK-301<\/td>\n            <td style=\"border: 2px solid lightgray; padding: 5px; white-space: nowrap; width: 2%;\">GREEN<\/td>\n            <td style=\"border: 2px solid lightgray; background-color: #03ae4d; width: 50px;\"><\/td> \n        <\/tr>\n        <tr>\n            <td style=\"border: 2px solid lightgray; padding: 5px; white-space: nowrap; width: 2%;\">ARAMARK-303<\/td>\n            <td style=\"border: 2px solid lightgray; padding: 5px; white-space: nowrap; width: 2%;\">ORANGE<\/td>\n            <td style=\"border: 2px solid lightgray; background-color: #fe9a30; width: 50px;\"><\/td> \n        <\/tr>\n        <tr>\n            <td style=\"border: 2px solid lightgray; padding: 5px; white-space: nowrap; width: 2%;\">ARAMARK-305<\/td>\n            <td style=\"border: 2px solid lightgray; padding: 5px; white-space: nowrap; width: 2%;\">RED<\/td>\n            <td style=\"border: 2px solid lightgray; background-color: #fd0d01; width: 50px;\"><\/td> \n        <\/tr>\n\t\t\t<tr>\n            <td style=\"border: 2px solid lightgray; padding: 5px; white-space: nowrap; width: 2%;\">ARAMARK-306<\/td>\n            <td style=\"border: 2px solid lightgray; padding: 5px; white-space: nowrap; width: 2%;\">PINK<\/td>\n            <td style=\"border: 2px solid lightgray; background-color: #ff3299; width: 50px;\"><\/td> \n        <\/tr>\n\t\t<tr>\n            <td style=\"border: 2px solid lightgray; padding: 5px; white-space: nowrap; width: 2%;\">ARAMARK-307<\/td>\n            <td style=\"border: 2px solid lightgray; padding: 5px; white-space: nowrap; width: 2%;\">MAGENTA<\/td>\n            <td style=\"border: 2px solid lightgray; background-color: #ff00fe; width: 50px;\"><\/td> \n        <\/tr>\n\t\t\t\t\t<tr>\n            <td style=\"border: 2px solid lightgray; padding: 5px; white-space: nowrap; width: 2%;\">ARAMARK-308<\/td>\n            <td style=\"border: 2px solid lightgray; padding: 5px; white-space: nowrap; width: 2%;\">PURPLE<\/td>\n            <td style=\"border: 2px solid lightgray; background-color: #cb00ff; width: 50px;\"><\/td> \n        <\/tr>\n\t\t\t<tr>\n            <td style=\"border: 2px solid lightgray; padding: 5px; white-space: nowrap; width: 2%;\">ARAMARK-309<\/td>\n            <td style=\"border: 2px solid lightgray; padding: 5px; white-space: nowrap; width: 2%;\">BLUE<\/td>\n            <td style=\"border: 2px solid lightgray; background-color: #00b0f1; width: 50px;\"><\/td> \n        <\/tr>\n\n        <tr>\n            <td colspan=\"3\" style=\"border: 2px solid lightgray; padding: 5px; text-align: left;\">Les teintes ci-dessus ne sont qu\u2019indicatives ; les \u00e9crans d\u2019ordinateur et les imprimantes conventionnelles ne peuvent pas reproduire les vraies teintes fluorescentes.<\/td>\n        <\/tr>\n    <\/tbody>\n<\/table>\n<\/div>\n\n\n\n<p><\/p>","protected":false},"excerpt":{"rendered":"<p>Les pigments ARAMARK-30 sont des \u00e9mulsions de pigments acryliques fluides, formald\u00e9hydes, fluorescents, \u00e0 base d\u2019eau, sp\u00e9cialement destin\u00e9es aux surligneurs \/ marqueurs apr\u00e8s dilution dans de l\u2019eau d\u00e9min\u00e9ralis\u00e9e. Les tailles de particules moyennes sont comprises entre 100 et 300 nm. En plus de leur utilisation principale dans les encres de marquage (surligneurs), les \u00e9mulsions ARAMARK-30 peuvent &hellip; <\/p>\n<p class=\"link-more\"><a href=\"https:\/\/araloncolor.com\/fr\/aramark-30\/\" class=\"more-link\">Continuer la lecture<span class=\"screen-reader-text\"> de &laquo;&nbsp;ARAMARK-30&nbsp;&raquo;<\/span><\/a><\/p>\n","protected":false},"author":2,"featured_media":1439,"parent":0,"menu_order":0,"comment_status":"closed","ping_status":"closed","template":"","meta":{"footnotes":""},"aioseo_notices":[],"_links":{"self":[{"href":"https:\/\/araloncolor.com\/fr\/wp-json\/wp\/v2\/pages\/1437"}],"collection":[{"href":"https:\/\/araloncolor.com\/fr\/wp-json\/wp\/v2\/pages"}],"about":[{"href":"https:\/\/araloncolor.com\/fr\/wp-json\/wp\/v2\/types\/page"}],"author":[{"embeddable":true,"href":"https:\/\/araloncolor.com\/fr\/wp-json\/wp\/v2\/users\/2"}],"replies":[{"embeddable":true,"href":"https:\/\/araloncolor.com\/fr\/wp-json\/wp\/v2\/comments?post=1437"}],"version-history":[{"count":0,"href":"https:\/\/araloncolor.com\/fr\/wp-json\/wp\/v2\/pages\/1437\/revisions"}],"wp:featuredmedia":[{"embeddable":true,"href":"https:\/\/araloncolor.com\/fr\/wp-json\/wp\/v2\/media\/1439"}],"wp:attachment":[{"href":"https:\/\/araloncolor.com\/fr\/wp-json\/wp\/v2\/media?parent=1437"}],"curies":[{"name":"wp","href":"https:\/\/api.w.org\/{rel}","templated":true}]}}