{"id":1443,"date":"2024-09-30T08:28:52","date_gmt":"2024-09-30T06:28:52","guid":{"rendered":"https:\/\/araloncolor.com\/?page_id=1443"},"modified":"2024-10-02T15:13:10","modified_gmt":"2024-10-02T13:13:10","slug":"araco-10","status":"publish","type":"page","link":"https:\/\/araloncolor.com\/fr\/araco-10\/","title":{"rendered":"ARACO-10"},"content":{"rendered":"<p>Une gamme de pigments fluorescents de fine granulom\u00e9trie D50 = 3 \u2013 7 \u03bcm. Le support est bas\u00e9 sur des r\u00e9sines m\u00e9lamine-formald\u00e9hyde, sp\u00e9cialement con\u00e7ues pour les peintures, encres, caoutchoucs et d\u2019autres applications qui requi\u00e8rent une haute stabilit\u00e9 envers des solvants, de l\u2019eau et de la chaleur.<\/p>\n\n\n\n<p>Comme les produits de la s\u00e9rie ARACO -10 conservent leur granulom\u00e9trie et aussi dans une certaine mesure leur forme dans l\u2019application finale.<\/p>\n\n\n\n<p>L\u2019obtention de nuances interm\u00e9diaires distinctes est seulement recommand\u00e9e par le m\u00e9lange des nuances voisines. Cependant ARACO -109 BLEU UV peut \u00eatre m\u00e9lang\u00e9 avec toutes les autres couleurs dans la gamme afin d\u2019obtenir des nuances plus claires sous la lumi\u00e8re UV ou de r\u00e9duire la force de la couleur sans perdre l\u2019\u00e9clat final de la nuance.<\/p>\n\n\n\n<div style=\"overflow-x: auto;\">\n<table border=\"0\" style=\"border-collapse: collapse; width: 100%; table-layout: auto;\">\n    <tbody>\n        <tr>\n            <td style=\"border: 2px solid lightgray; padding: 5px; white-space: nowrap; width: 2%;\">ARACO-109 UV<\/td>\n            <td style=\"border: 2px solid lightgray; padding: 5px; white-space: nowrap; width: 2%;\">BLUE<\/td>\n            <td style=\"border: 2px solid lightgray; background-color: #c6d9f1; width: 50px;\"><\/td> \n        <\/tr>\n\t\t     <tr>\n            <td style=\"border: 2px solid lightgray; padding: 5px; white-space: nowrap; width: 2%;\">ARACO-100<\/td>\n            <td style=\"border: 2px solid lightgray; padding: 5px; white-space: nowrap; width: 2%;\">LEMON<\/td>\n            <td style=\"border: 2px solid lightgray; background-color: #ffff00; width: 50px;\"><\/td> \n        <\/tr>\n        <tr>\n            <td style=\"border: 2px solid lightgray; padding: 5px; white-space: nowrap; width: 2%;\">ARACO-111<\/td>\n            <td style=\"border: 2px solid lightgray; padding: 5px; white-space: nowrap; width: 2%;\">GREEN<\/td>\n            <td style=\"border: 2px solid lightgray; background-color: #92d04f; width: 50px;\"><\/td> \n        <\/tr>\n        <tr>\n            <td style=\"border: 2px solid lightgray; padding: 5px; white-space: nowrap; width: 2%;\">ARACO-102<\/td>\n            <td style=\"border: 2px solid lightgray; padding: 5px; white-space: nowrap; width: 2%;\">ORANGE-YELLOW<\/td>\n            <td style=\"border: 2px solid lightgray; background-color: #ff9935; width: 50px;\"><\/td> \n        <\/tr>\n        <tr>\n            <td style=\"border: 2px solid lightgray; padding: 5px; white-space: nowrap; width: 2%;\">ARACO-103<\/td>\n            <td style=\"border: 2px solid lightgray; padding: 5px; white-space: nowrap; width: 2%;\">ORANGE<\/td>\n            <td style=\"border: 2px solid lightgray; background-color: #ff6501; width: 50px;\"><\/td> \n        <\/tr>\n        <tr>\n            <td style=\"border: 2px solid lightgray; padding: 5px; white-space: nowrap; width: 2%;\">ARACO-105<\/td>\n            <td style=\"border: 2px solid lightgray; padding: 5px; white-space: nowrap; width: 2%;\">RED<\/td>\n            <td style=\"border: 2px solid lightgray; background-color: #fe0d00; width: 50px;\"><\/td> \n        <\/tr>\n        <tr>\n            <td style=\"border: 2px solid lightgray; padding: 5px; white-space: nowrap; width: 2%;\">ARACO-106<\/td>\n            <td style=\"border: 2px solid lightgray; padding: 5px; white-space: nowrap; width: 2%;\">PINK<\/td>\n            <td style=\"border: 2px solid lightgray; background-color: #ff329a; width: 50px;\"><\/td> \n        <\/tr>\n        <tr>\n            <td style=\"border: 2px solid lightgray; padding: 5px; white-space: nowrap; width: 2%;\">ARACO-107<\/td>\n            <td style=\"border: 2px solid lightgray; padding: 5px; white-space: nowrap; width: 2%;\">MAGENTA<\/td>\n            <td style=\"border: 2px solid lightgray; background-color: #ff00ff; width: 50px;\"><\/td> \n        <\/tr>\n        <tr>\n            <td style=\"border: 2px solid lightgray; padding: 5px; white-space: nowrap; width: 2%;\">ARACO-119<\/td>\n            <td style=\"border: 2px solid lightgray; padding: 5px; white-space: nowrap; width: 2%;\">BLUE<\/td>\n            <td style=\"border: 2px solid lightgray; background-color: #0000fe; width: 50px;\"><\/td> \n        <\/tr>\n        <tr>\n            <td colspan=\"3\" style=\"border: 2px solid lightgray; padding: 5px; text-align: left;\">Les teintes ci-dessus ne sont qu\u2019indicatives ; les \u00e9crans d\u2019ordinateur et les imprimantes conventionnelles ne peuvent pas reproduire les vraies teintes fluorescentes.<\/td>\n        <\/tr>\n    <\/tbody>\n<\/table>\n<\/div>\n\n\n\n<p><\/p>\n\n\n\n<p><a href=\"https:\/\/araloncolor.com\/araco-20\/\" title=\"\">ARACO-20<\/a>     <a href=\"https:\/\/araloncolor.com\/araco-30\/\" title=\"\">ARACO-30<\/a><\/p>","protected":false},"excerpt":{"rendered":"<p>Une gamme de pigments fluorescents de fine granulom\u00e9trie D50 = 3 \u2013 7 \u03bcm. Le support est bas\u00e9 sur des r\u00e9sines m\u00e9lamine-formald\u00e9hyde, sp\u00e9cialement con\u00e7ues pour les peintures, encres, caoutchoucs et d\u2019autres applications qui requi\u00e8rent une haute stabilit\u00e9 envers des solvants, de l\u2019eau et de la chaleur. Comme les produits de la s\u00e9rie ARACO -10 conservent &hellip; <\/p>\n<p class=\"link-more\"><a href=\"https:\/\/araloncolor.com\/fr\/araco-10\/\" class=\"more-link\">Continuer la lecture<span class=\"screen-reader-text\"> de &laquo;&nbsp;ARACO-10&nbsp;&raquo;<\/span><\/a><\/p>\n","protected":false},"author":2,"featured_media":1294,"parent":0,"menu_order":0,"comment_status":"closed","ping_status":"closed","template":"","meta":{"footnotes":""},"aioseo_notices":[],"_links":{"self":[{"href":"https:\/\/araloncolor.com\/fr\/wp-json\/wp\/v2\/pages\/1443"}],"collection":[{"href":"https:\/\/araloncolor.com\/fr\/wp-json\/wp\/v2\/pages"}],"about":[{"href":"https:\/\/araloncolor.com\/fr\/wp-json\/wp\/v2\/types\/page"}],"author":[{"embeddable":true,"href":"https:\/\/araloncolor.com\/fr\/wp-json\/wp\/v2\/users\/2"}],"replies":[{"embeddable":true,"href":"https:\/\/araloncolor.com\/fr\/wp-json\/wp\/v2\/comments?post=1443"}],"version-history":[{"count":0,"href":"https:\/\/araloncolor.com\/fr\/wp-json\/wp\/v2\/pages\/1443\/revisions"}],"wp:featuredmedia":[{"embeddable":true,"href":"https:\/\/araloncolor.com\/fr\/wp-json\/wp\/v2\/media\/1294"}],"wp:attachment":[{"href":"https:\/\/araloncolor.com\/fr\/wp-json\/wp\/v2\/media?parent=1443"}],"curies":[{"name":"wp","href":"https:\/\/api.w.org\/{rel}","templated":true}]}}