{"id":145,"date":"2017-03-15T21:42:36","date_gmt":"2017-03-15T20:42:36","guid":{"rendered":"http:\/\/araloncolor.com\/?page_id=145"},"modified":"2024-10-23T12:53:08","modified_gmt":"2024-10-23T10:53:08","slug":"whats-behind-the-name","status":"publish","type":"page","link":"https:\/\/araloncolor.com\/fr\/company\/whats-behind-the-name\/","title":{"rendered":"D&rsquo;ou vient le nom \u00ab\u00a0ARALON\u00a0\u00bb ?"},"content":{"rendered":"<p><\/p>\n<div class=\"field field-name-body field-type-text-with-summary field-label-hidden\">\n<div class=\"field-items\">\n<div class=\"field-item even\">\n<p>Aralon a \u00e9t\u00e9 cr\u00e9\u00e9 comme nom pour notre soci\u00e9t\u00e9 bas\u00e9 sur l&rsquo;ARA, une sorte de perroquet color\u00e9.<\/p>\n<p>Les couleurs magnifiques et lumineuses des plumes de ce perroquet sont le r\u00e9sultat de la r\u00e9fraction de la lumi\u00e8re du jour \u00e0 travers des trous extr\u00eamement fins (quelques nanom\u00e8tres) qui se trouvent dans la structure du polym\u00e8re naturel des plumes de perroquet.<\/p>\n<p>En fonction de la taille exacte du trou et le nombre des couches superpos\u00e9s des plumes r\u00e9sultats que la lumi\u00e8re du jour est transform\u00e9es dans un nombre illimit\u00e9 de teintes vives et color\u00e9es, vus par nos yeux comme \u00e9tant la couleur des plumes eux-m\u00eames.<\/p>\n<p>Cela a, pour notre soci\u00e9t\u00e9, une pertinence toute particulaire.<\/p>\n<p>Nous souhaitons surpasser avec nos colorants fluorescents, la brillance naturelle des couleurs de l&rsquo;Ara.<\/p>\n<p>Les couleurs des plumes ont \u00e9t\u00e9 cr\u00e9\u00e9es de mani\u00e8re totalement naturelle, qui est pour notre recherche et d\u00e9veloppement, une orientation pour les horizons futurs de l&rsquo;entreprise.<\/p>\n<p>&nbsp;<\/p>\n<p><strong>Notre slogan: <\/strong><\/p>\n<p><strong>La soci\u00e9t\u00e9 de la couleur fonctionnelle, The functional color company<em>\u00ae.<\/em><\/strong><\/p>\n<p>Aujourd&rsquo;hui, des colorants sont utilis\u00e9s non seulement par rapport de leurs couleur mais pour remplir une fonctionnalit\u00e9 sp\u00e9cifique dans l&rsquo;application finale, comme la s\u00e9curit\u00e9, du marquage, monitoring ou de l&rsquo;automatisation.<\/p>\n<p>La soci\u00e9t\u00e9 Aralon cr\u00e9e continuellement des produits nouveaux et diff\u00e9rents \u00e0 appliquer comme couleurs <em>fonctionnels<\/em>, aidant \u00e0 r\u00e9duire les co\u00fbts de nos clients ainsi pour ouvrir des voies \u00e0 des nouvelles applications.<\/p>\n<p>Nous sommes contre le piratage de produits et nous souhaitons cr\u00e9er des couleurs en raison de leur fonctionnalit\u00e9, en plus de la cr\u00e9ation de la couleur traditionnelle pour des raisons d&rsquo;apparence et design.<\/p>\n<\/div>\n<\/div>\n<\/div>\n<p><\/p>","protected":false},"excerpt":{"rendered":"<p>Aralon a \u00e9t\u00e9 cr\u00e9\u00e9 comme nom pour notre soci\u00e9t\u00e9 bas\u00e9 sur l&rsquo;ARA, une sorte de perroquet color\u00e9. Les couleurs magnifiques et lumineuses des plumes de ce perroquet sont le r\u00e9sultat de la r\u00e9fraction de la lumi\u00e8re du jour \u00e0 travers des trous extr\u00eamement fins (quelques nanom\u00e8tres) qui se trouvent dans la structure du polym\u00e8re naturel &hellip; <\/p>\n<p class=\"link-more\"><a href=\"https:\/\/araloncolor.com\/fr\/company\/whats-behind-the-name\/\" class=\"more-link\">Continuer la lecture<span class=\"screen-reader-text\"> de &laquo;&nbsp;D&rsquo;ou vient le nom \u00ab\u00a0ARALON\u00a0\u00bb ?&nbsp;&raquo;<\/span><\/a><\/p>\n","protected":false},"author":2,"featured_media":1565,"parent":41,"menu_order":0,"comment_status":"closed","ping_status":"closed","template":"","meta":{"footnotes":""},"aioseo_notices":[],"_links":{"self":[{"href":"https:\/\/araloncolor.com\/fr\/wp-json\/wp\/v2\/pages\/145"}],"collection":[{"href":"https:\/\/araloncolor.com\/fr\/wp-json\/wp\/v2\/pages"}],"about":[{"href":"https:\/\/araloncolor.com\/fr\/wp-json\/wp\/v2\/types\/page"}],"author":[{"embeddable":true,"href":"https:\/\/araloncolor.com\/fr\/wp-json\/wp\/v2\/users\/2"}],"replies":[{"embeddable":true,"href":"https:\/\/araloncolor.com\/fr\/wp-json\/wp\/v2\/comments?post=145"}],"version-history":[{"count":0,"href":"https:\/\/araloncolor.com\/fr\/wp-json\/wp\/v2\/pages\/145\/revisions"}],"up":[{"embeddable":true,"href":"https:\/\/araloncolor.com\/fr\/wp-json\/wp\/v2\/pages\/41"}],"wp:featuredmedia":[{"embeddable":true,"href":"https:\/\/araloncolor.com\/fr\/wp-json\/wp\/v2\/media\/1565"}],"wp:attachment":[{"href":"https:\/\/araloncolor.com\/fr\/wp-json\/wp\/v2\/media?parent=145"}],"curies":[{"name":"wp","href":"https:\/\/api.w.org\/{rel}","templated":true}]}}