{"id":1498,"date":"2024-10-01T10:54:48","date_gmt":"2024-10-01T08:54:48","guid":{"rendered":"https:\/\/araloncolor.com\/?page_id=1498"},"modified":"2024-10-02T10:53:03","modified_gmt":"2024-10-02T08:53:03","slug":"arasol-10","status":"publish","type":"page","link":"https:\/\/araloncolor.com\/fr\/arasol-10\/","title":{"rendered":"A\u00c9ROSOL-10"},"content":{"rendered":"<p>Une gamme de pigments fluorescents de fine granulom\u00e9trie D50 = 3 \u2013 7 \u03bcm.<\/p>\n\n\n\n<p>Le support, bas\u00e9 sur des r\u00e9sines m\u00e9lamine-formald\u00e9hyde, con\u00e7u sp\u00e9cialement pour les applications a\u00e9rosols exigeantes, qui requi\u00e8rent une haute stabilit\u00e9 de solvant et d&rsquo;eau.<\/p>\n\n\n\n<p>Comme les produits du ARASOL-10 s\u00e9rie conservent leur granulom\u00e9trie et aussi dans une certaine mesure leur forme dans l&rsquo;application finale, l&rsquo;obtention de nuances interm\u00e9diaires est recommand\u00e9e seulement en m\u00e9langeant des nuances voisines. Cependant ARASOL-109 UV bleu peut \u00eatre m\u00e9lang\u00e9 avec toutes les autres couleurs dans la gamme afin d&rsquo;obtenir des nuances plus claires sous la lumi\u00e8re UV ou de r\u00e9duire la force de la couleur sans perdre l&rsquo;\u00e9clat final de la nuance.<\/p>\n\n\n\n<p><em>Les nuances ci-dessus sont \u00e0 titre indicatif ; l&rsquo;\u00e9cran d&rsquo;ordinateur et les imprimantes conventionnelles ne peuvent pas reproduire de v\u00e9ritables nuances fluorescentes<\/em>.<\/p>\n\n\n\n<div style=\"overflow-x: auto;\">\n<table border=\"0\" style=\"border-collapse: collapse; width: 100%; table-layout: auto;\">\n    <tbody>\n        <tr>\n            <td style=\"border: 2px solid lightgray; padding: 5px; white-space: nowrap; width: 2%;\">ARASOL-109 UV<\/td>\n            <td style=\"border: 2px solid lightgray; padding: 5px; white-space: nowrap; width: 2%;\">BLUE<\/td>\n            <td style=\"border: 2px solid lightgray; background-color: #c6d9f1; width: 50px;\"><\/td> \n        <\/tr>\n\t\t     <tr>\n            <td style=\"border: 2px solid lightgray; padding: 5px; white-space: nowrap; width: 2%;\">ARASOL-100<\/td>\n            <td style=\"border: 2px solid lightgray; padding: 5px; white-space: nowrap; width: 2%;\">LEMON<\/td>\n            <td style=\"border: 2px solid lightgray; background-color: #ffff00; width: 50px;\"><\/td> \n        <\/tr>\n        <tr>\n            <td style=\"border: 2px solid lightgray; padding: 5px; white-space: nowrap; width: 2%;\">ARASOL-111<\/td>\n            <td style=\"border: 2px solid lightgray; padding: 5px; white-space: nowrap; width: 2%;\">GREEN<\/td>\n            <td style=\"border: 2px solid lightgray; background-color: #92d04f; width: 50px;\"><\/td> \n        <\/tr>\n        <tr>\n            <td style=\"border: 2px solid lightgray; padding: 5px; white-space: nowrap; width: 2%;\">ARASOL-102<\/td>\n            <td style=\"border: 2px solid lightgray; padding: 5px; white-space: nowrap; width: 2%;\">ORANGE-YELLOW<\/td>\n            <td style=\"border: 2px solid lightgray; background-color: #ff9935; width: 50px;\"><\/td> \n        <\/tr>\n        <tr>\n            <td style=\"border: 2px solid lightgray; padding: 5px; white-space: nowrap; width: 2%;\">ARASOL-103<\/td>\n            <td style=\"border: 2px solid lightgray; padding: 5px; white-space: nowrap; width: 2%;\">ORANGE<\/td>\n            <td style=\"border: 2px solid lightgray; background-color: #ff6501; width: 50px;\"><\/td> \n        <\/tr>\n\t\t\n        <tr>\n            <td style=\"border: 2px solid lightgray; padding: 5px; white-space: nowrap; width: 2%;\">ARASOL-105<\/td>\n            <td style=\"border: 2px solid lightgray; padding: 5px; white-space: nowrap; width: 2%;\">RED<\/td>\n            <td style=\"border: 2px solid lightgray; background-color: #fe0d00; width: 50px;\"><\/td> \n        <\/tr>\n        <tr>\n            <td style=\"border: 2px solid lightgray; padding: 5px; white-space: nowrap; width: 2%;\">ARASOL-106<\/td>\n            <td style=\"border: 2px solid lightgray; padding: 5px; white-space: nowrap; width: 2%;\">PINK<\/td>\n            <td style=\"border: 2px solid lightgray; background-color: #ff329a; width: 50px;\"><\/td> \n        <\/tr>\n        <tr>\n            <td style=\"border: 2px solid lightgray; padding: 5px; white-space: nowrap; width: 2%;\">ARASOL-107<\/td>\n            <td style=\"border: 2px solid lightgray; padding: 5px; white-space: nowrap; width: 2%;\">MAGENTA<\/td>\n            <td style=\"border: 2px solid lightgray; background-color: #ff00ff; width: 50px;\"><\/td> \n        <\/tr>\n        <tr>\n            <td style=\"border: 2px solid lightgray; padding: 5px; white-space: nowrap; width: 2%;\">ARASOL-119<\/td>\n            <td style=\"border: 2px solid lightgray; padding: 5px; white-space: nowrap; width: 2%;\">BLUE<\/td>\n            <td style=\"border: 2px solid lightgray; background-color: #0000fe; width: 50px;\"><\/td> \n        <\/tr>\n        <tr>\n            <td colspan=\"3\" style=\"border: 2px solid lightgray; padding: 5px; text-align: left;\">Les teintes ci-dessus ne sont qu\u2019indicatives ; les \u00e9crans d\u2019ordinateur et les imprimantes conventionnelles ne peuvent pas reproduire les vraies teintes fluorescentes.<\/td>\n        <\/tr>\n    <\/tbody>\n<\/table>\n<\/div>\n\n\n\n<p><a href=\"https:\/\/araloncolor.com\/arasol-30\/\" title=\"A\u00c9ROSOL-30\">A\u00c9ROSOL-30<\/a><\/p>\n\n\n\n<figure class=\"wp-block-image size-full\"><img loading=\"lazy\" decoding=\"async\" width=\"720\" height=\"312\" src=\"https:\/\/araloncolor.com\/wp-content\/uploads\/2024\/09\/Holzstaemme_ARASOL_01.jpg\" alt=\"\" class=\"wp-image-1463\" srcset=\"https:\/\/araloncolor.com\/wp-content\/uploads\/2024\/09\/Holzstaemme_ARASOL_01.jpg 720w, https:\/\/araloncolor.com\/wp-content\/uploads\/2024\/09\/Holzstaemme_ARASOL_01-300x130.jpg 300w, https:\/\/araloncolor.com\/wp-content\/uploads\/2024\/09\/Holzstaemme_ARASOL_01-24x10.jpg 24w, https:\/\/araloncolor.com\/wp-content\/uploads\/2024\/09\/Holzstaemme_ARASOL_01-36x16.jpg 36w, https:\/\/araloncolor.com\/wp-content\/uploads\/2024\/09\/Holzstaemme_ARASOL_01-48x21.jpg 48w\" sizes=\"(max-width: 720px) 100vw, 720px\" \/><\/figure>\n\n\n\n<p>Pour les sprays de marquage (sylviculture, agriculture et construction), nous recommandons les pigments de jour suivants:<\/p>\n\n\n\n<div style=\"overflow-x: auto;\">\r\n<table border=\"0\" style=\"border-collapse: collapse; width: 100%; table-layout: auto;\">\r\n    <tbody>\r\n        <tr>\r\n            <th style=\"width: 20%;\"><\/th>\r\n            <th style=\"width: 80%;\">Formulation \u00e0 base de solvant<\/th>\r\n        <\/tr>\r\n        <tr>\r\n            <td style=\"border: 2px solid lightgray; padding: 5px; white-space: nowrap; width: 20%;\">Standard<\/td>\r\n            <td style=\"border: 2px solid lightgray; padding: 5px; white-space: nowrap; width: 80%;\">\r\n                <a href=\"https:\/\/araloncolor.com\/arasol-10\/\" target=\"_blank\" rel=\"noopener\">S\u00e9rie ARASOL<\/a>\r\n            <\/td>\r\n        <\/tr>\r\n        <tr>\r\n            <td style=\"border: 2px solid lightgray; padding: 5px; white-space: nowrap; width: 20%;\">Nouvelle g\u00e9n\u00e9ration \u2013 sans formald\u00e9hyde<\/td>\r\n            <td style=\"border: 2px solid lightgray; padding: 5px; white-space: nowrap; width: 80%;\">\r\n                <a href=\"https:\/\/araloncolor.com\/en\/aragen-10\/\" target=\"_blank\" rel=\"noopener\">S\u00e9rie ARAGEN<\/a>\r\n            <\/td>\r\n        <\/tr>\r\n\r\n        <!-- Leerzeile f\u00fcr mehr Abstand -->\r\n        <tr>\r\n            <td colspan=\"0\">\r\n                <p style=\"margin: 20px 0;\"><\/p>\r\n            <\/td>\r\n        <\/tr>\r\n\r\n        <tr>\r\n            <th style=\"width: 20%;\"><\/th>\r\n            <th style=\"width: 80%;\">Formulation aqueuse<\/th>\r\n        <\/tr>\r\n        <tr>\r\n            <td style=\"border: 2px solid lightgray; padding: 5px; white-space: nowrap; width: 20%;\">Standard<\/td>\r\n            <td style=\"border: 2px solid lightgray; padding: 5px; white-space: nowrap; width: 80%;\">\r\n                <a href=\"https:\/\/araloncolor.com\/arasol-10\/\" target=\"_blank\" rel=\"noopener\">S\u00e9rie ARASOL<\/a>\r\n            <\/td>\r\n        <\/tr>\r\n        <tr>\r\n            <td style=\"border: 2px solid lightgray; padding: 5px; white-space: nowrap; width: 20%;\">Nouvelle g\u00e9n\u00e9ration \u2013 sans formald\u00e9hyde<\/td>\r\n            <td style=\"border: 2px solid lightgray; padding: 5px; white-space: nowrap; width: 80%;\">\r\n                <a href=\"https:\/\/araloncolor.com\/en\/products\/formaldehyde-free-fluorescent-pigments\/araqua-10\/\" target=\"_blank\" rel=\"noopener\">S\u00e9rie ARAQUA<\/a>\r\n            <\/td>\r\n        <\/tr>\r\n    <\/tbody>\r\n<\/table>\r\n<\/div>\n\n\n\n<p><\/p>","protected":false},"excerpt":{"rendered":"<p>Une gamme de pigments fluorescents de fine granulom\u00e9trie D50 = 3 \u2013 7 \u03bcm. Le support, bas\u00e9 sur des r\u00e9sines m\u00e9lamine-formald\u00e9hyde, con\u00e7u sp\u00e9cialement pour les applications a\u00e9rosols exigeantes, qui requi\u00e8rent une haute stabilit\u00e9 de solvant et d&rsquo;eau. Comme les produits du ARASOL-10 s\u00e9rie conservent leur granulom\u00e9trie et aussi dans une certaine mesure leur forme dans &hellip; <\/p>\n<p class=\"link-more\"><a href=\"https:\/\/araloncolor.com\/fr\/arasol-10\/\" class=\"more-link\">Continuer la lecture<span class=\"screen-reader-text\"> de &laquo;&nbsp;A\u00c9ROSOL-10&nbsp;&raquo;<\/span><\/a><\/p>\n","protected":false},"author":2,"featured_media":1462,"parent":0,"menu_order":0,"comment_status":"closed","ping_status":"closed","template":"","meta":{"footnotes":""},"aioseo_notices":[],"_links":{"self":[{"href":"https:\/\/araloncolor.com\/fr\/wp-json\/wp\/v2\/pages\/1498"}],"collection":[{"href":"https:\/\/araloncolor.com\/fr\/wp-json\/wp\/v2\/pages"}],"about":[{"href":"https:\/\/araloncolor.com\/fr\/wp-json\/wp\/v2\/types\/page"}],"author":[{"embeddable":true,"href":"https:\/\/araloncolor.com\/fr\/wp-json\/wp\/v2\/users\/2"}],"replies":[{"embeddable":true,"href":"https:\/\/araloncolor.com\/fr\/wp-json\/wp\/v2\/comments?post=1498"}],"version-history":[{"count":0,"href":"https:\/\/araloncolor.com\/fr\/wp-json\/wp\/v2\/pages\/1498\/revisions"}],"wp:featuredmedia":[{"embeddable":true,"href":"https:\/\/araloncolor.com\/fr\/wp-json\/wp\/v2\/media\/1462"}],"wp:attachment":[{"href":"https:\/\/araloncolor.com\/fr\/wp-json\/wp\/v2\/media?parent=1498"}],"curies":[{"name":"wp","href":"https:\/\/api.w.org\/{rel}","templated":true}]}}