{"id":1513,"date":"2024-10-01T13:36:41","date_gmt":"2024-10-01T11:36:41","guid":{"rendered":"https:\/\/araloncolor.com\/?page_id=1513"},"modified":"2024-10-02T15:11:52","modified_gmt":"2024-10-02T13:11:52","slug":"araprint-51-loesliche-toner","status":"publish","type":"page","link":"https:\/\/araloncolor.com\/fr\/araprint-51-loesliche-toner\/","title":{"rendered":"ARAPRINT-51 Toner solubles"},"content":{"rendered":"<p>Nous avons d\u00e9velopp\u00e9 la s\u00e9rie ARAPRINT -51 toners solubles dans les formulations contenant des solvants afin d&rsquo;apporter une brillance aux encres flexographies, encres de gravure et aux applications de jet d&rsquo;encre industriel (non imprimantes de bureau).<\/p>\n\n\n\n<p>Grace \u00e0 solubilit\u00e9 des ARAPRINT &#8211; 51 toners et la pleine compatibilit\u00e9 des diff\u00e9rentes nuances les unes avec les autres, toutes les couleurs de cette gamme peuvent \u00eatre m\u00e9lang\u00e9es ensemble, sans limitation, afin d&rsquo;obtenir des nuances interm\u00e9diaires.<\/p>\n\n\n\n<p>Les produits fournis doivent \u00eatre compl\u00e8tement dissous dans une partie de la formulation afin de rester solubles dans la formulation finale de l&rsquo;impression. Pour cette raison, la compatibilit\u00e9 de l&rsquo; ARAPINT -51 avec d&rsquo;autres \u00e9l\u00e9ments de la formulation, comme les r\u00e9sines d&rsquo;impression et les agents filmog\u00e8nes, sont cruciale. Formulations con\u00e7ues devront \u00eatre test\u00e9es au pr\u00e9alable afin d&rsquo;assurer la compatibilit\u00e9. Les composants doivent se maintenir en solution sans la formation d&rsquo;une s\u00e9dimentation au cours d&rsquo;une p\u00e9riode compatible de la demande de l&rsquo;application.<\/p>\n\n\n\n<p>Formulations \u00e0 base de solvant ne contiennent pas de particules libres et sont donc adapt\u00e9s pour les applications \u00e0 jet d&rsquo;encre. Les ARAPRINT &#8211; 51 toners sont des poudres grossi\u00e8res et exempts de solvants ou de substances volatiles. La pr\u00e9sence de solvants tels que l&rsquo;ac\u00e9tate d&rsquo;\u00e9thyle ou l&rsquo;ac\u00e9tone dans les formulations industrielles interdisent leur utilisation dans un environnement de bureau normal, ce qui entra\u00eene en g\u00e9n\u00e9ral des possibilit\u00e9s d&rsquo;application uniquement dans l&rsquo;impression \u00e0 jet d&rsquo;encre industriel.<\/p>\n\n\n\n<p>Le rev\u00eatement en poudre est une autre application importante de la s\u00e9rie ARAPRINT -50, o\u00f9 les particules ne sont pas dissoutes, mais fondu sur la surface rev\u00eatue cible formant ainsi un film fluorescent r\u00e9sistant.<\/p>\n\n\n\n<div style=\"overflow-x: auto;\">\n<table border=\"0\" style=\"border-collapse: collapse; width: 100%; table-layout: auto;\">\n    <tbody>\n        <tr>\n            <td style=\"border: 2px solid lightgray; padding: 5px; white-space: nowrap; width: 2%;\">ARAPRINT-509 UV<\/td>\n            <td style=\"border: 2px solid lightgray; padding: 5px; white-space: nowrap; width: 2%;\">BLUE<\/td>\n            <td style=\"border: 2px solid lightgray; background-color: #c6d9f1; width: 50px;\"><\/td> \n        <\/tr>\n\t\t     <tr>\n            <td style=\"border: 2px solid lightgray; padding: 5px; white-space: nowrap; width: 2%;\">ARAPRINT-510<\/td>\n            <td style=\"border: 2px solid lightgray; padding: 5px; white-space: nowrap; width: 2%;\">YELLOW<\/td>\n            <td style=\"border: 2px solid lightgray; background-color: #ffff00; width: 50px;\"><\/td> \n        <\/tr>\n     \n            <td style=\"border: 2px solid lightgray; padding: 5px; white-space: nowrap; width: 2%;\">ARAPRINT-507<\/td>\n            <td style=\"border: 2px solid lightgray; padding: 5px; white-space: nowrap; width: 2%;\">MAGENTA<\/td>\n            <td style=\"border: 2px solid lightgray; background-color: #ff00ff; width: 50px;\"><\/td> \n        <\/tr>\n            <td colspan=\"3\" style=\"border: 2px solid lightgray; padding: 5px; text-align: left;\">Les teintes ci-dessus ne sont qu\u2019indicatives ; les \u00e9crans d\u2019ordinateur et les imprimantes conventionnelles ne peuvent pas reproduire les vraies teintes fluorescentes.<\/td>\n        <\/tr>\n    <\/tbody>\n<\/table>\n<\/div>\n\n\n\n<p>Pour les proc\u00e9d\u00e9s d\u2019impression avec tol\u00e9rance aux particules plus grosses (environ 5 \u03bcm), les pigments luminescents <a href=\"https:\/\/araloncolor.com\/aragen-10\/\" title=\"\">ARAGEN<\/a>, <a href=\"https:\/\/araloncolor.com\/products\/formaldehyde-free-fluorescent-pigments\/tabelle-araqua-10\/\" title=\"\">ARAQUA<\/a> et <a href=\"https:\/\/araloncolor.com\/araco-10\/\" title=\"ARACO\">ARACO<\/a>peuvent \u00e9galement \u00eatre utilis\u00e9s. En particulier, on pense \u00e0 l\u2019impression d\u2019\u00e9cran et de gravure. Certains des pigments <a href=\"https:\/\/araloncolor.com\/products\/afterglow-phosphorescent-pigments\/aralglo\/\" title=\"\">ARAGLO<\/a> phosphorescents peuvent \u00eatre utilis\u00e9s en s\u00e9rigraphie.<\/p>\n\n\n\n<p><\/p>\n\n\n\n<p><\/p>\n\n\n\n<figure class=\"wp-block-image size-full\"><img loading=\"lazy\" decoding=\"async\" width=\"768\" height=\"410\" src=\"https:\/\/araloncolor.com\/wp-content\/uploads\/2024\/10\/magazine-806073_1920-768x512-1.jpg\" alt=\"\" class=\"wp-image-1515\" srcset=\"https:\/\/araloncolor.com\/wp-content\/uploads\/2024\/10\/magazine-806073_1920-768x512-1.jpg 768w, https:\/\/araloncolor.com\/wp-content\/uploads\/2024\/10\/magazine-806073_1920-768x512-1-300x160.jpg 300w, https:\/\/araloncolor.com\/wp-content\/uploads\/2024\/10\/magazine-806073_1920-768x512-1-24x13.jpg 24w, https:\/\/araloncolor.com\/wp-content\/uploads\/2024\/10\/magazine-806073_1920-768x512-1-36x19.jpg 36w, https:\/\/araloncolor.com\/wp-content\/uploads\/2024\/10\/magazine-806073_1920-768x512-1-48x26.jpg 48w\" sizes=\"(max-width: 767px) 89vw, (max-width: 1000px) 54vw, (max-width: 1071px) 543px, 580px\" \/><\/figure>","protected":false},"excerpt":{"rendered":"<p>Nous avons d\u00e9velopp\u00e9 la s\u00e9rie ARAPRINT -51 toners solubles dans les formulations contenant des solvants afin d&rsquo;apporter une brillance aux encres flexographies, encres de gravure et aux applications de jet d&rsquo;encre industriel (non imprimantes de bureau). Grace \u00e0 solubilit\u00e9 des ARAPRINT &#8211; 51 toners et la pleine compatibilit\u00e9 des diff\u00e9rentes nuances les unes avec les &hellip; <\/p>\n<p class=\"link-more\"><a href=\"https:\/\/araloncolor.com\/fr\/araprint-51-loesliche-toner\/\" class=\"more-link\">Continuer la lecture<span class=\"screen-reader-text\"> de &laquo;&nbsp;ARAPRINT-51 Toner solubles&nbsp;&raquo;<\/span><\/a><\/p>\n","protected":false},"author":2,"featured_media":1510,"parent":0,"menu_order":0,"comment_status":"closed","ping_status":"closed","template":"","meta":{"footnotes":""},"aioseo_notices":[],"_links":{"self":[{"href":"https:\/\/araloncolor.com\/fr\/wp-json\/wp\/v2\/pages\/1513"}],"collection":[{"href":"https:\/\/araloncolor.com\/fr\/wp-json\/wp\/v2\/pages"}],"about":[{"href":"https:\/\/araloncolor.com\/fr\/wp-json\/wp\/v2\/types\/page"}],"author":[{"embeddable":true,"href":"https:\/\/araloncolor.com\/fr\/wp-json\/wp\/v2\/users\/2"}],"replies":[{"embeddable":true,"href":"https:\/\/araloncolor.com\/fr\/wp-json\/wp\/v2\/comments?post=1513"}],"version-history":[{"count":0,"href":"https:\/\/araloncolor.com\/fr\/wp-json\/wp\/v2\/pages\/1513\/revisions"}],"wp:featuredmedia":[{"embeddable":true,"href":"https:\/\/araloncolor.com\/fr\/wp-json\/wp\/v2\/media\/1510"}],"wp:attachment":[{"href":"https:\/\/araloncolor.com\/fr\/wp-json\/wp\/v2\/media?parent=1513"}],"curies":[{"name":"wp","href":"https:\/\/api.w.org\/{rel}","templated":true}]}}