{"id":178,"date":"2017-03-15T22:10:12","date_gmt":"2017-03-15T21:10:12","guid":{"rendered":"http:\/\/araloncolor.com\/?page_id=178"},"modified":"2024-09-27T13:37:40","modified_gmt":"2024-09-27T11:37:40","slug":"araplast-20","status":"publish","type":"page","link":"https:\/\/araloncolor.com\/fr\/products\/formaldehyde-free-fluorescent-pigments\/araplast-20\/","title":{"rendered":"ARAPLAST-20."},"content":{"rendered":"<p><\/p>\n<div class=\"region region-content\">\n<div id=\"block-system-main\" class=\"block block-system\">\n<div class=\"content\">\n<div id=\"node-18\" class=\"node node-page node-full clearfix\">\n<div class=\"content clearfix\">\n<div class=\"field field-name-body field-type-text-with-summary field-label-hidden\"><\/div>\n<p>Cette Aralon<sup>\u00ae <\/sup>s\u00e9rie est une deuxi\u00e8me gamme de pigments de fusion fluorescente sans formald\u00e9hyde, avec des propri\u00e9t\u00e9s similaires \u00e0 la s\u00e9rie ARPLAST -10. Con\u00e7u \u00e9galement pour la coloration des Ol\u00e9fines de (HDPE, MDPE, LDPE, PP, RPC) et les polym\u00e8res TPU. Elle diff\u00e8re de la s\u00e9rie ARAPLAST -10 par sa gamme de point de fusion plus \u00e9lev\u00e9.<\/p>\n<p><strong>Il n&rsquo;est pas<\/strong> conseill\u00e9 de m\u00e9langer les deux s\u00e9ries ARAPLAST -10 et ARAPLAST -20 (@&gt;5%) pour l&rsquo;obtention de nuances interm\u00e9diaires de couleurs. Ces couleurs interm\u00e9diaires sont obtenues de fa\u00e7on optimale en m\u00e9langeant des \u00e9l\u00e9ments de la m\u00eame s\u00e9rie.<\/p>\n<p>Tous les produits de la s\u00e9rie ARAPLAST -20 peuvent \u00eatre m\u00e9lang\u00e9s entre eux et utilis\u00e9s dans des applications en suivant les m\u00eames recommandations et les limites indiqu\u00e9es pour la s\u00e9rie ARAPLAST -10.<\/p>\n<div class=\"field field-name-field-bild field-type-image field-label-hidden\">\u00a0<img loading=\"lazy\" decoding=\"async\" class=\"aligncenter size-full wp-image-605\" src=\"http:\/\/araloncolor.com\/wp-content\/uploads\/2018\/03\/ARAPLAST-20-TDS-Engl-existing-colors.jpg\" alt=\"\" width=\"795\" height=\"354\" srcset=\"https:\/\/araloncolor.com\/wp-content\/uploads\/2018\/03\/ARAPLAST-20-TDS-Engl-existing-colors.jpg 795w, https:\/\/araloncolor.com\/wp-content\/uploads\/2018\/03\/ARAPLAST-20-TDS-Engl-existing-colors-300x134.jpg 300w, https:\/\/araloncolor.com\/wp-content\/uploads\/2018\/03\/ARAPLAST-20-TDS-Engl-existing-colors-768x342.jpg 768w\" sizes=\"(max-width: 767px) 89vw, (max-width: 1000px) 54vw, (max-width: 1071px) 543px, 580px\" \/><\/div>\n<div><img loading=\"lazy\" decoding=\"async\" class=\"aligncenter size-full wp-image-530\" src=\"http:\/\/araloncolor.com\/wp-content\/uploads\/2017\/04\/plastic-2483784_1920.jpg\" alt=\"\" width=\"1920\" height=\"1280\" srcset=\"https:\/\/araloncolor.com\/wp-content\/uploads\/2017\/04\/plastic-2483784_1920.jpg 1920w, https:\/\/araloncolor.com\/wp-content\/uploads\/2017\/04\/plastic-2483784_1920-300x200.jpg 300w, https:\/\/araloncolor.com\/wp-content\/uploads\/2017\/04\/plastic-2483784_1920-768x512.jpg 768w, https:\/\/araloncolor.com\/wp-content\/uploads\/2017\/04\/plastic-2483784_1920-1024x683.jpg 1024w\" sizes=\"(max-width: 767px) 89vw, (max-width: 1000px) 54vw, (max-width: 1071px) 543px, 580px\" \/><\/div>\n<\/div>\n<\/div>\n<\/div>\n<\/div>\n<\/div>\n<p><\/p>","protected":false},"excerpt":{"rendered":"<p>Cette Aralon\u00ae s\u00e9rie est une deuxi\u00e8me gamme de pigments de fusion fluorescente sans formald\u00e9hyde, avec des propri\u00e9t\u00e9s similaires \u00e0 la s\u00e9rie ARPLAST -10. Con\u00e7u \u00e9galement pour la coloration des Ol\u00e9fines de (HDPE, MDPE, LDPE, PP, RPC) et les polym\u00e8res TPU. Elle diff\u00e8re de la s\u00e9rie ARAPLAST -10 par sa gamme de point de fusion plus &hellip; <\/p>\n<p class=\"link-more\"><a href=\"https:\/\/araloncolor.com\/fr\/products\/formaldehyde-free-fluorescent-pigments\/araplast-20\/\" class=\"more-link\">Continuer la lecture<span class=\"screen-reader-text\"> de &laquo;&nbsp;ARAPLAST-20.&nbsp;&raquo;<\/span><\/a><\/p>\n","protected":false},"author":2,"featured_media":845,"parent":276,"menu_order":0,"comment_status":"closed","ping_status":"closed","template":"","meta":{"footnotes":""},"aioseo_notices":[],"_links":{"self":[{"href":"https:\/\/araloncolor.com\/fr\/wp-json\/wp\/v2\/pages\/178"}],"collection":[{"href":"https:\/\/araloncolor.com\/fr\/wp-json\/wp\/v2\/pages"}],"about":[{"href":"https:\/\/araloncolor.com\/fr\/wp-json\/wp\/v2\/types\/page"}],"author":[{"embeddable":true,"href":"https:\/\/araloncolor.com\/fr\/wp-json\/wp\/v2\/users\/2"}],"replies":[{"embeddable":true,"href":"https:\/\/araloncolor.com\/fr\/wp-json\/wp\/v2\/comments?post=178"}],"version-history":[{"count":0,"href":"https:\/\/araloncolor.com\/fr\/wp-json\/wp\/v2\/pages\/178\/revisions"}],"up":[{"embeddable":true,"href":"https:\/\/araloncolor.com\/fr\/wp-json\/wp\/v2\/pages\/276"}],"wp:featuredmedia":[{"embeddable":true,"href":"https:\/\/araloncolor.com\/fr\/wp-json\/wp\/v2\/media\/845"}],"wp:attachment":[{"href":"https:\/\/araloncolor.com\/fr\/wp-json\/wp\/v2\/media?parent=178"}],"curies":[{"name":"wp","href":"https:\/\/api.w.org\/{rel}","templated":true}]}}