{"id":237,"date":"2017-04-29T15:28:21","date_gmt":"2017-04-29T14:28:21","guid":{"rendered":"http:\/\/araloncolor.com\/?page_id=237"},"modified":"2024-10-23T12:49:30","modified_gmt":"2024-10-23T10:49:30","slug":"profile","status":"publish","type":"page","link":"https:\/\/araloncolor.com\/fr\/company\/profile\/","title":{"rendered":"Profile"},"content":{"rendered":"<p>ARALON COLOR exploite une combinaison unique de technologies pour l&rsquo;encapsulation de colorants et de pigments dans diff\u00e9rentes matrices de polym\u00e8res produites sp\u00e9cialement pour leurs applications cibles.<\/p>\n<p>&nbsp;<\/p>\n<p>ARALON COLOR avantage concurrentiel:<\/p>\n<ul>\n<li><strong>Innovation<\/strong><\/li>\n<\/ul>\n<p>o \u00a0le dynamisme et la capacit\u00e9 (savoir-faire, technologies et processus) de trouver de nouvelles approches aux march\u00e9s et applications qui ajoutent de la valeur \u00e0 nos clients.<\/p>\n<ul>\n<li><strong>Des produits<\/strong><\/li>\n<\/ul>\n<p>o Nouvelle g\u00e9n\u00e9ration de pigments fluorescents haute performance sans formald\u00e9hyde<\/p>\n<p>o Une offre de pointe \u00e0 la pointe de la technologie (qualit\u00e9 batch-to-batch \u00e9lev\u00e9e et constante)<\/p>\n<p>o Taylor fait des solutions (d\u00e9veloppements personnalis\u00e9s)<\/p>\n<ul>\n<li><strong>Un service<\/strong><\/li>\n<\/ul>\n<p>o R\u00e9ponse rapide (r\u00e9action aux demandes, d\u00e9lais et livraison, d\u00e9veloppement du projet)<\/p>\n<p>o Compl\u00e9ter les informations sur le produit et la documentation<\/p>\n<ul>\n<li><strong>Prix comp\u00e9titifs<\/strong><\/li>\n<\/ul>\n<p>o Nous d\u00e9veloppons pour vendre!<\/p>\n<p>&nbsp;<\/p>","protected":false},"excerpt":{"rendered":"<p>ARALON COLOR exploite une combinaison unique de technologies pour l&rsquo;encapsulation de colorants et de pigments dans diff\u00e9rentes matrices de polym\u00e8res produites sp\u00e9cialement pour leurs applications cibles. &nbsp; ARALON COLOR avantage concurrentiel: Innovation o \u00a0le dynamisme et la capacit\u00e9 (savoir-faire, technologies et processus) de trouver de nouvelles approches aux march\u00e9s et applications qui ajoutent de la &hellip; <\/p>\n<p class=\"link-more\"><a href=\"https:\/\/araloncolor.com\/fr\/company\/profile\/\" class=\"more-link\">Continuer la lecture<span class=\"screen-reader-text\"> de &laquo;&nbsp;Profile&nbsp;&raquo;<\/span><\/a><\/p>\n","protected":false},"author":2,"featured_media":1563,"parent":41,"menu_order":0,"comment_status":"closed","ping_status":"closed","template":"","meta":{"footnotes":""},"aioseo_notices":[],"_links":{"self":[{"href":"https:\/\/araloncolor.com\/fr\/wp-json\/wp\/v2\/pages\/237"}],"collection":[{"href":"https:\/\/araloncolor.com\/fr\/wp-json\/wp\/v2\/pages"}],"about":[{"href":"https:\/\/araloncolor.com\/fr\/wp-json\/wp\/v2\/types\/page"}],"author":[{"embeddable":true,"href":"https:\/\/araloncolor.com\/fr\/wp-json\/wp\/v2\/users\/2"}],"replies":[{"embeddable":true,"href":"https:\/\/araloncolor.com\/fr\/wp-json\/wp\/v2\/comments?post=237"}],"version-history":[{"count":0,"href":"https:\/\/araloncolor.com\/fr\/wp-json\/wp\/v2\/pages\/237\/revisions"}],"up":[{"embeddable":true,"href":"https:\/\/araloncolor.com\/fr\/wp-json\/wp\/v2\/pages\/41"}],"wp:featuredmedia":[{"embeddable":true,"href":"https:\/\/araloncolor.com\/fr\/wp-json\/wp\/v2\/media\/1563"}],"wp:attachment":[{"href":"https:\/\/araloncolor.com\/fr\/wp-json\/wp\/v2\/media?parent=237"}],"curies":[{"name":"wp","href":"https:\/\/api.w.org\/{rel}","templated":true}]}}