{"id":240,"date":"2017-04-29T15:30:06","date_gmt":"2017-04-29T14:30:06","guid":{"rendered":"http:\/\/araloncolor.com\/?page_id=240"},"modified":"2018-05-24T11:37:23","modified_gmt":"2018-05-24T09:37:23","slug":"paint-industry","status":"publish","type":"page","link":"https:\/\/araloncolor.com\/fr\/applications\/paint-industry\/","title":{"rendered":"Industrie de la peinture"},"content":{"rendered":"<p>Par rapport \u00e0 la plupart des pigments non fluorescents et organiques, les pigments fluorescents sont principalement utilis\u00e9s dans les applications int\u00e9rieures en raison de leur r\u00e9sistance \u00e0 la lumi\u00e8re inf\u00e9rieure inh\u00e9rente.<\/p>\n<p>Les pigments fluorescents offrent un large \u00e9ventail de<\/p>\n<ul>\n<li>fonctions d\u00e9coratives et de design<\/li>\n<li>fonctions de s\u00e9curit\u00e9 et d&rsquo;alerte<\/li>\n<\/ul>\n<p>&nbsp;<\/p>\n<p>Le choix d&rsquo;un pigment fluorescent de jour pour les peintures et les rev\u00eatements d\u00e9pend largement de leur formulation:<\/p>\n<table>\n<tbody>\n<tr>\n<td width=\"154\"><em><u>\u00a0<\/u><\/em><\/td>\n<td width=\"154\"><em><u>\u00e0 base de solvant<\/u><\/em><\/td>\n<td width=\"154\"><em><u>\u00e0 base d&rsquo;eau<\/u><\/em><\/td>\n<td width=\"154\"><em><u>rev\u00eatement en poudre<\/u><\/em><\/td>\n<\/tr>\n<tr>\n<td width=\"154\"><em><u>standard<\/u><\/em><\/td>\n<td width=\"154\"><strong>ARACO-10 u. -30er s\u00e9rie<\/strong><\/td>\n<td width=\"154\"><strong>ARACO-s\u00e9rie<\/strong><\/td>\n<td width=\"154\"><strong>\u00a0<\/strong><\/td>\n<\/tr>\n<tr>\n<td width=\"154\"><em><u>Nouvelle g\u00e9n\u00e9ration-\u00a0 sans formald\u00e9hyde<\/u><\/em><\/td>\n<td width=\"154\"><strong>ARAGEN-s\u00e9rie<\/strong><\/td>\n<td width=\"154\"><strong>ARAQUA-s\u00e9rie<\/strong><\/td>\n<td width=\"154\"><strong>ARAGEN-s\u00e9rie<\/strong><\/td>\n<\/tr>\n<\/tbody>\n<\/table>\n<p>&nbsp;<\/p>","protected":false},"excerpt":{"rendered":"<p>Par rapport \u00e0 la plupart des pigments non fluorescents et organiques, les pigments fluorescents sont principalement utilis\u00e9s dans les applications int\u00e9rieures en raison de leur r\u00e9sistance \u00e0 la lumi\u00e8re inf\u00e9rieure inh\u00e9rente. Les pigments fluorescents offrent un large \u00e9ventail de fonctions d\u00e9coratives et de design fonctions de s\u00e9curit\u00e9 et d&rsquo;alerte &nbsp; Le choix d&rsquo;un pigment fluorescent &hellip; <\/p>\n<p class=\"link-more\"><a href=\"https:\/\/araloncolor.com\/fr\/applications\/paint-industry\/\" class=\"more-link\">Continuer la lecture<span class=\"screen-reader-text\"> de &laquo;&nbsp;Industrie de la peinture&nbsp;&raquo;<\/span><\/a><\/p>\n","protected":false},"author":2,"featured_media":732,"parent":71,"menu_order":0,"comment_status":"closed","ping_status":"closed","template":"","meta":{"footnotes":""},"aioseo_notices":[],"_links":{"self":[{"href":"https:\/\/araloncolor.com\/fr\/wp-json\/wp\/v2\/pages\/240"}],"collection":[{"href":"https:\/\/araloncolor.com\/fr\/wp-json\/wp\/v2\/pages"}],"about":[{"href":"https:\/\/araloncolor.com\/fr\/wp-json\/wp\/v2\/types\/page"}],"author":[{"embeddable":true,"href":"https:\/\/araloncolor.com\/fr\/wp-json\/wp\/v2\/users\/2"}],"replies":[{"embeddable":true,"href":"https:\/\/araloncolor.com\/fr\/wp-json\/wp\/v2\/comments?post=240"}],"version-history":[{"count":0,"href":"https:\/\/araloncolor.com\/fr\/wp-json\/wp\/v2\/pages\/240\/revisions"}],"up":[{"embeddable":true,"href":"https:\/\/araloncolor.com\/fr\/wp-json\/wp\/v2\/pages\/71"}],"wp:featuredmedia":[{"embeddable":true,"href":"https:\/\/araloncolor.com\/fr\/wp-json\/wp\/v2\/media\/732"}],"wp:attachment":[{"href":"https:\/\/araloncolor.com\/fr\/wp-json\/wp\/v2\/media?parent=240"}],"curies":[{"name":"wp","href":"https:\/\/api.w.org\/{rel}","templated":true}]}}