{"id":246,"date":"2017-04-29T15:30:44","date_gmt":"2017-04-29T14:30:44","guid":{"rendered":"http:\/\/araloncolor.com\/?page_id=246"},"modified":"2024-10-29T16:23:13","modified_gmt":"2024-10-29T14:23:13","slug":"plastics-industry","status":"publish","type":"page","link":"https:\/\/araloncolor.com\/fr\/applications\/plastics-industry\/","title":{"rendered":"Industrie du plastique"},"content":{"rendered":"<p>Selection of a daylight fluorescent pigment for mass coloration of plastics (masterbatches and compounds) depends largely on the kind of plastic.<\/p>\n<table>\n<tbody>\n<tr>\n<td width=\"130\"><\/td>\n<td width=\"123\"><strong>ARAPLAST-s\u00e9rie*<\/strong><\/td>\n<td width=\"115\"><strong>ARAGEN-s\u00e9rie**<\/strong><\/td>\n<td width=\"123\"><strong>ARAQUA-s\u00e9rie**<\/strong><\/td>\n<td width=\"123\"><strong>ARACO-10 s\u00e9rie<\/strong><\/td>\n<\/tr>\n<tr>\n<td width=\"130\">Polyol\u00e9fines (PP, PE)<\/td>\n<td width=\"123\"><strong>X<\/strong><\/td>\n<td width=\"115\"><strong>\u00a0<\/strong><\/td>\n<td width=\"123\"><strong>\u00a0<\/strong><\/td>\n<td width=\"123\"><strong>\u00a0<\/strong><\/td>\n<\/tr>\n<tr>\n<td width=\"130\">PET, PES, POM<\/td>\n<td width=\"123\"><strong>\u00a0<\/strong><\/td>\n<td width=\"115\"><strong>X<\/strong><\/td>\n<td width=\"123\"><strong>\u00a0<\/strong><\/td>\n<td width=\"123\"><strong>\u00a0<\/strong><\/td>\n<\/tr>\n<tr>\n<td width=\"130\">EVA, Caoutchouc, Silicone<\/td>\n<td width=\"123\"><strong>\u00a0<\/strong><\/td>\n<td width=\"115\"><strong>X<\/strong><\/td>\n<td width=\"123\"><strong>\u00a0<\/strong><\/td>\n<td width=\"123\"><strong>\u00a0<\/strong><\/td>\n<\/tr>\n<tr>\n<td width=\"130\">PVC (pas de moulage par injection)<\/td>\n<td width=\"123\"><strong>\u00a0<\/strong><\/td>\n<td width=\"115\"><strong>X<\/strong><\/td>\n<td width=\"123\"><strong>X<\/strong><\/td>\n<td width=\"123\"><strong>X<\/strong><\/td>\n<\/tr>\n<tr>\n<td width=\"130\">PVC (ipas de moulage par injection)<\/td>\n<td width=\"123\"><strong>\u00a0<\/strong><\/td>\n<td width=\"115\"><strong>X<\/strong><\/td>\n<td width=\"123\"><strong>\u00a0<\/strong><\/td>\n<td width=\"123\"><strong>\u00a0<\/strong><\/td>\n<\/tr>\n<tr>\n<td width=\"130\">PU, Latex<\/td>\n<td width=\"123\"><strong>\u00a0<\/strong><\/td>\n<td width=\"115\"><strong>X<\/strong><\/td>\n<td width=\"123\"><strong>X <\/strong>(waterborne)<\/td>\n<td width=\"123\"><strong>\u00a0<\/strong><\/td>\n<\/tr>\n<tr>\n<td width=\"130\">TPU &amp; TPE<\/td>\n<td width=\"123\"><strong>X<\/strong><\/td>\n<td width=\"115\"><strong>X<\/strong><\/td>\n<td width=\"123\"><strong>\u00a0<\/strong><\/td>\n<td width=\"123\"><strong>\u00a0<\/strong><\/td>\n<\/tr>\n<\/tbody>\n<\/table>\n<p>* pigments fondants &#8211; sans formald\u00e9hyde<\/p>\n<p>** Nouvelle g\u00e9n\u00e9ration &#8211; sans formald\u00e9hyde<\/p>\n<p><img loading=\"lazy\" decoding=\"async\" class=\"aligncenter size-full wp-image-847\" src=\"http:\/\/araloncolor.com\/wp-content\/uploads\/2018\/04\/IMG_5903-Neon.jpg\" alt=\"\" width=\"3072\" height=\"2304\" srcset=\"https:\/\/araloncolor.com\/wp-content\/uploads\/2018\/04\/IMG_5903-Neon.jpg 3072w, https:\/\/araloncolor.com\/wp-content\/uploads\/2018\/04\/IMG_5903-Neon-300x225.jpg 300w, https:\/\/araloncolor.com\/wp-content\/uploads\/2018\/04\/IMG_5903-Neon-768x576.jpg 768w, https:\/\/araloncolor.com\/wp-content\/uploads\/2018\/04\/IMG_5903-Neon-1024x768.jpg 1024w\" sizes=\"(max-width: 767px) 89vw, (max-width: 1000px) 54vw, (max-width: 1071px) 543px, 580px\" \/><\/p>","protected":false},"excerpt":{"rendered":"<p>Selection of a daylight fluorescent pigment for mass coloration of plastics (masterbatches and compounds) depends largely on the kind of plastic. ARAPLAST-s\u00e9rie* ARAGEN-s\u00e9rie** ARAQUA-s\u00e9rie** ARACO-10 s\u00e9rie Polyol\u00e9fines (PP, PE) X \u00a0 \u00a0 \u00a0 PET, PES, POM \u00a0 X \u00a0 \u00a0 EVA, Caoutchouc, Silicone \u00a0 X \u00a0 \u00a0 PVC (pas de moulage par injection) \u00a0 X &hellip; <\/p>\n<p class=\"link-more\"><a href=\"https:\/\/araloncolor.com\/fr\/applications\/plastics-industry\/\" class=\"more-link\">Continuer la lecture<span class=\"screen-reader-text\"> de &laquo;&nbsp;Industrie du plastique&nbsp;&raquo;<\/span><\/a><\/p>\n","protected":false},"author":2,"featured_media":1573,"parent":71,"menu_order":0,"comment_status":"closed","ping_status":"closed","template":"","meta":{"footnotes":""},"aioseo_notices":[],"_links":{"self":[{"href":"https:\/\/araloncolor.com\/fr\/wp-json\/wp\/v2\/pages\/246"}],"collection":[{"href":"https:\/\/araloncolor.com\/fr\/wp-json\/wp\/v2\/pages"}],"about":[{"href":"https:\/\/araloncolor.com\/fr\/wp-json\/wp\/v2\/types\/page"}],"author":[{"embeddable":true,"href":"https:\/\/araloncolor.com\/fr\/wp-json\/wp\/v2\/users\/2"}],"replies":[{"embeddable":true,"href":"https:\/\/araloncolor.com\/fr\/wp-json\/wp\/v2\/comments?post=246"}],"version-history":[{"count":0,"href":"https:\/\/araloncolor.com\/fr\/wp-json\/wp\/v2\/pages\/246\/revisions"}],"up":[{"embeddable":true,"href":"https:\/\/araloncolor.com\/fr\/wp-json\/wp\/v2\/pages\/71"}],"wp:featuredmedia":[{"embeddable":true,"href":"https:\/\/araloncolor.com\/fr\/wp-json\/wp\/v2\/media\/1573"}],"wp:attachment":[{"href":"https:\/\/araloncolor.com\/fr\/wp-json\/wp\/v2\/media?parent=246"}],"curies":[{"name":"wp","href":"https:\/\/api.w.org\/{rel}","templated":true}]}}