{"id":249,"date":"2017-04-29T15:31:03","date_gmt":"2017-04-29T14:31:03","guid":{"rendered":"http:\/\/araloncolor.com\/?page_id=249"},"modified":"2024-10-29T16:38:28","modified_gmt":"2024-10-29T14:38:28","slug":"functional-applications","status":"publish","type":"page","link":"https:\/\/araloncolor.com\/fr\/applications\/functional-applications\/","title":{"rendered":"Applications fonctionnelles"},"content":{"rendered":"<p><\/p>\n<ul>\n<li>Tests non destructifs (CND) &#8211; Colorants ARALON, ARALON SSF, ARATRACE<\/li>\n<li>Test fonctionnel des filtres \u00e0 air industriels &#8211; ARALEAK<\/li>\n<li>Marquage et Authentification des Produits &#8211; ARAGUARD<\/li>\n<\/ul>\n<p>&nbsp;<\/p>\n<p>Les applications techniques n\u00e9cessitent g\u00e9n\u00e9ralement des solutions sp\u00e9cifiques \u00e0 l&rsquo;application que nous aimerions discuter avec vous.<\/p>","protected":false},"excerpt":{"rendered":"<p>Tests non destructifs (CND) &#8211; Colorants ARALON, ARALON SSF, ARATRACE Test fonctionnel des filtres \u00e0 air industriels &#8211; ARALEAK Marquage et Authentification des Produits &#8211; ARAGUARD &nbsp; Les applications techniques n\u00e9cessitent g\u00e9n\u00e9ralement des solutions sp\u00e9cifiques \u00e0 l&rsquo;application que nous aimerions discuter avec vous.<\/p>\n","protected":false},"author":2,"featured_media":1529,"parent":71,"menu_order":0,"comment_status":"closed","ping_status":"closed","template":"","meta":{"footnotes":""},"aioseo_notices":[],"_links":{"self":[{"href":"https:\/\/araloncolor.com\/fr\/wp-json\/wp\/v2\/pages\/249"}],"collection":[{"href":"https:\/\/araloncolor.com\/fr\/wp-json\/wp\/v2\/pages"}],"about":[{"href":"https:\/\/araloncolor.com\/fr\/wp-json\/wp\/v2\/types\/page"}],"author":[{"embeddable":true,"href":"https:\/\/araloncolor.com\/fr\/wp-json\/wp\/v2\/users\/2"}],"replies":[{"embeddable":true,"href":"https:\/\/araloncolor.com\/fr\/wp-json\/wp\/v2\/comments?post=249"}],"version-history":[{"count":0,"href":"https:\/\/araloncolor.com\/fr\/wp-json\/wp\/v2\/pages\/249\/revisions"}],"up":[{"embeddable":true,"href":"https:\/\/araloncolor.com\/fr\/wp-json\/wp\/v2\/pages\/71"}],"wp:featuredmedia":[{"embeddable":true,"href":"https:\/\/araloncolor.com\/fr\/wp-json\/wp\/v2\/media\/1529"}],"wp:attachment":[{"href":"https:\/\/araloncolor.com\/fr\/wp-json\/wp\/v2\/media?parent=249"}],"curies":[{"name":"wp","href":"https:\/\/api.w.org\/{rel}","templated":true}]}}