{"id":255,"date":"2017-04-29T15:35:18","date_gmt":"2017-04-29T14:35:18","guid":{"rendered":"http:\/\/araloncolor.com\/?page_id=255"},"modified":"2024-10-29T16:37:07","modified_gmt":"2024-10-29T14:37:07","slug":"creative-world","status":"publish","type":"page","link":"https:\/\/araloncolor.com\/fr\/applications\/creative-world\/","title":{"rendered":"Monde cr\u00e9atif"},"content":{"rendered":"<p>Peintures d&rsquo;artiste, crayons et craie, gomme \u00e0 effacer, p\u00e9trissage et modelage, etc.<\/p>\n<table>\n<tbody>\n<tr>\n<td width=\"140\"><\/td>\n<td width=\"105\"><em><u>syst\u00e8mes \u00e0 base de solvants<\/u><\/em><\/td>\n<td width=\"74\"><em><u>syst\u00e8mes \u00e0 base d&rsquo;eau<\/u><\/em><\/td>\n<\/tr>\n<tr>\n<td width=\"140\"><em><u>Nouvelle g\u00e9n\u00e9ration &#8211;\u00a0 pigments fluorescents\u00a0sans formald\u00e9hyde<\/u><\/em><\/td>\n<td width=\"105\"><strong>ARAGEN-S\u00e9ries<\/strong><\/td>\n<td width=\"74\"><strong>ARAQUA-S\u00e9ries<\/strong><\/td>\n<\/tr>\n<\/tbody>\n<\/table>\n<p><img loading=\"lazy\" decoding=\"async\" class=\"aligncenter size-full wp-image-728\" src=\"http:\/\/araloncolor.com\/wp-content\/uploads\/2017\/03\/2014-01-27-Messe-Creative-World-04.jpg\" alt=\"\" width=\"480\" height=\"640\" srcset=\"https:\/\/araloncolor.com\/wp-content\/uploads\/2017\/03\/2014-01-27-Messe-Creative-World-04.jpg 480w, https:\/\/araloncolor.com\/wp-content\/uploads\/2017\/03\/2014-01-27-Messe-Creative-World-04-225x300.jpg 225w\" sizes=\"(max-width: 480px) 100vw, 480px\" \/><\/p>","protected":false},"excerpt":{"rendered":"<p>Peintures d&rsquo;artiste, crayons et craie, gomme \u00e0 effacer, p\u00e9trissage et modelage, etc. syst\u00e8mes \u00e0 base de solvants syst\u00e8mes \u00e0 base d&rsquo;eau Nouvelle g\u00e9n\u00e9ration &#8211;\u00a0 pigments fluorescents\u00a0sans formald\u00e9hyde ARAGEN-S\u00e9ries ARAQUA-S\u00e9ries<\/p>\n","protected":false},"author":2,"featured_media":1578,"parent":71,"menu_order":0,"comment_status":"closed","ping_status":"closed","template":"","meta":{"footnotes":""},"aioseo_notices":[],"_links":{"self":[{"href":"https:\/\/araloncolor.com\/fr\/wp-json\/wp\/v2\/pages\/255"}],"collection":[{"href":"https:\/\/araloncolor.com\/fr\/wp-json\/wp\/v2\/pages"}],"about":[{"href":"https:\/\/araloncolor.com\/fr\/wp-json\/wp\/v2\/types\/page"}],"author":[{"embeddable":true,"href":"https:\/\/araloncolor.com\/fr\/wp-json\/wp\/v2\/users\/2"}],"replies":[{"embeddable":true,"href":"https:\/\/araloncolor.com\/fr\/wp-json\/wp\/v2\/comments?post=255"}],"version-history":[{"count":0,"href":"https:\/\/araloncolor.com\/fr\/wp-json\/wp\/v2\/pages\/255\/revisions"}],"up":[{"embeddable":true,"href":"https:\/\/araloncolor.com\/fr\/wp-json\/wp\/v2\/pages\/71"}],"wp:featuredmedia":[{"embeddable":true,"href":"https:\/\/araloncolor.com\/fr\/wp-json\/wp\/v2\/media\/1578"}],"wp:attachment":[{"href":"https:\/\/araloncolor.com\/fr\/wp-json\/wp\/v2\/media?parent=255"}],"curies":[{"name":"wp","href":"https:\/\/api.w.org\/{rel}","templated":true}]}}