{"id":261,"date":"2017-04-29T15:39:20","date_gmt":"2017-04-29T14:39:20","guid":{"rendered":"http:\/\/araloncolor.com\/?page_id=261"},"modified":"2018-05-14T17:13:50","modified_gmt":"2018-05-14T15:13:50","slug":"tagesleuchtpigmente","status":"publish","type":"page","link":"https:\/\/araloncolor.com\/fr\/products\/tagesleuchtpigmente\/","title":{"rendered":"Pigments fluorescents"},"content":{"rendered":"<p>Les pigments fluorescents diurnes sont stimul\u00e9s par la lumi\u00e8re du jour pour briller, ils sont fluorescents. La composante UV invisible de la lumi\u00e8re du jour est convertie en lumi\u00e8re visible. Une partie de la lumi\u00e8re visible \u00e0 courte longueur d&rsquo;onde est convertie en la couleur fluorescente. Cela augmente la densit\u00e9 de la lumi\u00e8re \u00e0 des longueurs d&rsquo;onde fixes. Les couleurs fluorescentes semblent \u00eatre plus fortes et plus brillantes que les couleurs conventionnelles.<\/p>\n<p>&nbsp;<\/p>\n<p>Contrairement aux pigments fluorescents de lumi\u00e8re du jour, les pigments de lumi\u00e8re UV purs n&rsquo;ont pas de couleur de corps visible et ne sont fluorescents qu&rsquo;\u00e0 la lumi\u00e8re UV. Les couleurs non fluorescentes apparaissent ternes sous la lumi\u00e8re UV.<\/p>\n<p>Colorants ou Pigments ?<\/p>\n<p>La diff\u00e9rence majeure entre les colorants et pigments, est que les colorants doivent \u00eatre compl\u00e8tement dissous dans le milieu de l&rsquo;application tandis que les pigments ont seulement besoin d&rsquo;\u00eatre dispers\u00e9s dans le m\u00e9lange final de l&rsquo;application.<\/p>\n<p>L&rsquo;avantage des pigments fluorescents Aralon<strong><sup>\u00ae<\/sup><\/strong> par rapport aux colorants et d&rsquo;autres pigments color\u00e9s est leur facilit\u00e9 de dispersion dans le milieu d&rsquo;application. Ils sont tous de qualit\u00e9 \u00ab\u00a0STIR -IN\u00a0\u00bb. Seulement un m\u00e9lange suffisant est n\u00e9cessaire afin d&rsquo;homog\u00e9n\u00e9iser la formulation. Aucune modification de la taille des particules n&rsquo;est n\u00e9cessaire.<\/p>\n<p>En m\u00eame temps, ils peuvent r\u00e9sister aux environnements difficiles de m\u00e9lange sans perte de qualit\u00e9 ou de brillance.<\/p>\n<p>G\u00e9n\u00e9ralement, les pigments sont pr\u00e9f\u00e9rables aux colorants en raison de leur meilleure stabilit\u00e9 \u00e0 la lumi\u00e8re, un bon comportement de migration et \u00eatre ind\u00e9pendant du solvant ou liant utilis\u00e9 sans des probl\u00e8mes de compatibilit\u00e9.<\/p>\n<p><em>Toute information technique est donn\u00e9e sur une base purement informative. ARALON ne peut donner aucune garantie quant \u00e0 une utilisation particuli\u00e8re.<\/em><\/p>\n<p><img loading=\"lazy\" decoding=\"async\" class=\"aligncenter size-full wp-image-731\" src=\"http:\/\/araloncolor.com\/wp-content\/uploads\/2017\/03\/2016-02-11-ARALON-Fluorescent-plant.jpg\" alt=\"\" width=\"3264\" height=\"2448\" srcset=\"https:\/\/araloncolor.com\/wp-content\/uploads\/2017\/03\/2016-02-11-ARALON-Fluorescent-plant.jpg 3264w, https:\/\/araloncolor.com\/wp-content\/uploads\/2017\/03\/2016-02-11-ARALON-Fluorescent-plant-300x225.jpg 300w, https:\/\/araloncolor.com\/wp-content\/uploads\/2017\/03\/2016-02-11-ARALON-Fluorescent-plant-768x576.jpg 768w, https:\/\/araloncolor.com\/wp-content\/uploads\/2017\/03\/2016-02-11-ARALON-Fluorescent-plant-1024x768.jpg 1024w\" sizes=\"(max-width: 767px) 89vw, (max-width: 1000px) 54vw, (max-width: 1071px) 543px, 580px\" \/><\/p>","protected":false},"excerpt":{"rendered":"<p>Les pigments fluorescents diurnes sont stimul\u00e9s par la lumi\u00e8re du jour pour briller, ils sont fluorescents. La composante UV invisible de la lumi\u00e8re du jour est convertie en lumi\u00e8re visible. Une partie de la lumi\u00e8re visible \u00e0 courte longueur d&rsquo;onde est convertie en la couleur fluorescente. Cela augmente la densit\u00e9 de la lumi\u00e8re \u00e0 des &hellip; <\/p>\n<p class=\"link-more\"><a href=\"https:\/\/araloncolor.com\/fr\/products\/tagesleuchtpigmente\/\" class=\"more-link\">Continuer la lecture<span class=\"screen-reader-text\"> de &laquo;&nbsp;Pigments fluorescents&nbsp;&raquo;<\/span><\/a><\/p>\n","protected":false},"author":2,"featured_media":692,"parent":825,"menu_order":0,"comment_status":"closed","ping_status":"closed","template":"","meta":{"footnotes":""},"aioseo_notices":[],"_links":{"self":[{"href":"https:\/\/araloncolor.com\/fr\/wp-json\/wp\/v2\/pages\/261"}],"collection":[{"href":"https:\/\/araloncolor.com\/fr\/wp-json\/wp\/v2\/pages"}],"about":[{"href":"https:\/\/araloncolor.com\/fr\/wp-json\/wp\/v2\/types\/page"}],"author":[{"embeddable":true,"href":"https:\/\/araloncolor.com\/fr\/wp-json\/wp\/v2\/users\/2"}],"replies":[{"embeddable":true,"href":"https:\/\/araloncolor.com\/fr\/wp-json\/wp\/v2\/comments?post=261"}],"version-history":[{"count":0,"href":"https:\/\/araloncolor.com\/fr\/wp-json\/wp\/v2\/pages\/261\/revisions"}],"up":[{"embeddable":true,"href":"https:\/\/araloncolor.com\/fr\/wp-json\/wp\/v2\/pages\/825"}],"wp:featuredmedia":[{"embeddable":true,"href":"https:\/\/araloncolor.com\/fr\/wp-json\/wp\/v2\/media\/692"}],"wp:attachment":[{"href":"https:\/\/araloncolor.com\/fr\/wp-json\/wp\/v2\/media?parent=261"}],"curies":[{"name":"wp","href":"https:\/\/api.w.org\/{rel}","templated":true}]}}