{"id":264,"date":"2017-04-29T15:40:03","date_gmt":"2017-04-29T14:40:03","guid":{"rendered":"http:\/\/araloncolor.com\/?page_id=264"},"modified":"2024-10-01T15:44:53","modified_gmt":"2024-10-01T13:44:53","slug":"afterglow-phosphorescent-pigments","status":"publish","type":"page","link":"https:\/\/araloncolor.com\/fr\/products\/afterglow-phosphorescent-pigments\/","title":{"rendered":"Pigments de r\u00e9manence"},"content":{"rendered":"<p>En plus des pigments fluorescents \u00e0 la lumi\u00e8re du jour et des dispersions de pigments fluorescents \u00e0 la lumi\u00e8re du jour, ARALON COLOR propose \u00e9galement une large gamme de pigments phosphoreux avec un effet de r\u00e9manence brillant et durable.<\/p>\n\n\n\n<p>Les pigments phosphorescents ARAGLO sont des cristaux min\u00e9raux alcalins de terres rares. Ils sont fabriqu\u00e9s pour les normes les plus \u00e9lev\u00e9es et peuvent \u00eatre charg\u00e9es \u00e0 un nombre infini de fois. La r\u00e9manence est jusqu&rsquo;\u00e0 50 fois plus longue que les pigments de sulfure de zinc phosphorescents traditionnels. Leur r\u00e9sistance \u00e0 la lumi\u00e8re est \u00e9galement beaucoup plus \u00e9lev\u00e9e que celle des pigments de sulfure de zinc.<\/p>\n\n\n\n<p>Les pigments phosphorescents ARAGLO sont sp\u00e9cialement enduits pour une stabilit\u00e9 exceptionnelle de l&rsquo;eau.<\/p>\n\n\n\n<p>Cela rend les s\u00e9ries ARAGLO-10 et -90 \u00e0 la fois r\u00e9sistantes aux solvants et \u00e0 l&rsquo;eau, donc pour des applications ext\u00e9rieures de longue dur\u00e9e. Cependant, la s\u00e9rie ARAGLO-20 ne doit pas \u00eatre utilis\u00e9e dans des formulations \u00e0 base d&rsquo;eau acide.<\/p>\n\n\n\n<p class=\"has-text-color has-link-color wp-elements-a6a97071d7ac438b1dfc88a54481bcb2\" style=\"color:#3c63b0\"><a href=\"https:\/\/araloncolor.com\/products\/afterglow-phosphorescent-pigments\/aralglo\/\">La s\u00e9rie ARAGLO <\/a><\/p>\n\n\n\n<figure class=\"wp-block-table\"><table><tbody><tr><td>&nbsp;<\/td><td>Granulom\u00e9trie<\/td><td>Body-<\/td><td>r\u00e9manence &#8211;<\/td><td>r\u00e9manence &#8211;<\/td><td>r\u00e9manence &#8211;<\/td><\/tr><tr><td>&nbsp;<\/td><td>&nbsp;<\/td><td>couleur<\/td><td>couleur<\/td><td>Intensity<\/td><td>dur\u00e9e<\/td><\/tr><tr><td>ARAGLO-101 UV GREEN<\/td><td>5-10 \u00b5m<\/td><td>blanc<\/td><td>yellow-green<\/td><td>very bright<\/td><td>very long<\/td><\/tr><tr><td>ARAGLO-109 UV BLUE<\/td><td>5-30 \u00b5m<\/td><td>blanc<\/td><td>bleu ciel<\/td><td>brillant<\/td><td>long<\/td><\/tr><tr><td>ARAGLO-121 UV GREEN<\/td><td>45-85 \u00b5m<\/td><td>blanc<\/td><td>jaune-vert<\/td><td>extreme<\/td><td>tr\u00e8s long<\/td><\/tr><tr><td>ARAGLO-211 UV GREEN<\/td><td>35-50 \u00b5m<\/td><td>blanc<\/td><td>jaune-vert<\/td><td>tr\u00e8s brillant<\/td><td>tr\u00e8s long<\/td><\/tr><tr><td>ARAGLO-219 UV BLUE<\/td><td>35-50 \u00b5m<\/td><td>blanc<\/td><td>bleu ciel<\/td><td>tr\u00e8s brillant<\/td><td>tr\u00e8s long<\/td><\/tr><tr><td>ARAGLO-900 YELLOW<\/td><td>15-45 \u00b5m<\/td><td>jaune<\/td><td>jaune<\/td><td>moyen<\/td><td>moyen<\/td><\/tr><tr><td>ARAGLO-901 GREEN<\/td><td>15-45 \u00b5m<\/td><td>vert<\/td><td>vert<\/td><td>brillant<\/td><td>moyen<\/td><\/tr><tr><td>ARAGLO-903 ORANGE<\/td><td>15-45 \u00b5m<\/td><td>orange<\/td><td>orange<\/td><td>moyen<\/td><td>moyen<\/td><\/tr><tr><td>ARAGLO-906 PINK<\/td><td>15-45 \u00b5m<\/td><td>rose<\/td><td>rose<\/td><td>moyen<\/td><td>moyen<\/td><\/tr><\/tbody><\/table><\/figure>\n\n\n\n<p>&nbsp;<\/p>","protected":false},"excerpt":{"rendered":"<p>En plus des pigments fluorescents \u00e0 la lumi\u00e8re du jour et des dispersions de pigments fluorescents \u00e0 la lumi\u00e8re du jour, ARALON COLOR propose \u00e9galement une large gamme de pigments phosphoreux avec un effet de r\u00e9manence brillant et durable. Les pigments phosphorescents ARAGLO sont des cristaux min\u00e9raux alcalins de terres rares. Ils sont fabriqu\u00e9s pour &hellip; <\/p>\n<p class=\"link-more\"><a href=\"https:\/\/araloncolor.com\/fr\/products\/afterglow-phosphorescent-pigments\/\" class=\"more-link\">Continuer la lecture<span class=\"screen-reader-text\"> de &laquo;&nbsp;Pigments de r\u00e9manence&nbsp;&raquo;<\/span><\/a><\/p>\n","protected":false},"author":2,"featured_media":1517,"parent":825,"menu_order":0,"comment_status":"closed","ping_status":"closed","template":"","meta":{"footnotes":""},"aioseo_notices":[],"_links":{"self":[{"href":"https:\/\/araloncolor.com\/fr\/wp-json\/wp\/v2\/pages\/264"}],"collection":[{"href":"https:\/\/araloncolor.com\/fr\/wp-json\/wp\/v2\/pages"}],"about":[{"href":"https:\/\/araloncolor.com\/fr\/wp-json\/wp\/v2\/types\/page"}],"author":[{"embeddable":true,"href":"https:\/\/araloncolor.com\/fr\/wp-json\/wp\/v2\/users\/2"}],"replies":[{"embeddable":true,"href":"https:\/\/araloncolor.com\/fr\/wp-json\/wp\/v2\/comments?post=264"}],"version-history":[{"count":0,"href":"https:\/\/araloncolor.com\/fr\/wp-json\/wp\/v2\/pages\/264\/revisions"}],"up":[{"embeddable":true,"href":"https:\/\/araloncolor.com\/fr\/wp-json\/wp\/v2\/pages\/825"}],"wp:featuredmedia":[{"embeddable":true,"href":"https:\/\/araloncolor.com\/fr\/wp-json\/wp\/v2\/media\/1517"}],"wp:attachment":[{"href":"https:\/\/araloncolor.com\/fr\/wp-json\/wp\/v2\/media?parent=264"}],"curies":[{"name":"wp","href":"https:\/\/api.w.org\/{rel}","templated":true}]}}