{"id":267,"date":"2017-04-29T15:41:02","date_gmt":"2017-04-29T14:41:02","guid":{"rendered":"http:\/\/araloncolor.com\/?page_id=267"},"modified":"2024-10-01T15:48:13","modified_gmt":"2024-10-01T13:48:13","slug":"solid-dispersions-powder-form","status":"publish","type":"page","link":"https:\/\/araloncolor.com\/fr\/products\/solid-dispersions-powder-form\/","title":{"rendered":"Dispersions solides (sous forme de poudre)"},"content":{"rendered":"<p>en plus des colorants luminescents, ARALON COLOR propose des dispersions de pigments organiques secs en poudre pour une utilisation universelle.<br \/>\nARALON COLOR technologie d&rsquo;encapsulation sans formald\u00e9hyde. Les dispersions ARASTIR ont une teneur en solides organiques comprise entre 35 et 42% et une stabilit\u00e9 alcaline exceptionnelle.<br \/>\nIncorporer la dispersion s\u00e8che sans autre broyage dans le milieu cible.<br \/>\nLes propri\u00e9t\u00e9s innovantes des dispersions ARASTIR peuvent \u00eatre utilis\u00e9es pour<br \/>\n\u2022 mat\u00e9riaux de construction<br \/>\na. mortiers<br \/>\nb. produits d&rsquo;\u00e9tanch\u00e9it\u00e9<br \/>\nc. mortier de pulv\u00e9risation<br \/>\nd. &#8230;<br \/>\n\u2022 couleurs et jouets des artistes<br \/>\na. Peintures au doigt<br \/>\nb. Jouer la p\u00e2te<br \/>\n\u2022 &#8230;<\/p>","protected":false},"excerpt":{"rendered":"<p>en plus des colorants luminescents, ARALON COLOR propose des dispersions de pigments organiques secs en poudre pour une utilisation universelle. ARALON COLOR technologie d&rsquo;encapsulation sans formald\u00e9hyde. Les dispersions ARASTIR ont une teneur en solides organiques comprise entre 35 et 42% et une stabilit\u00e9 alcaline exceptionnelle. Incorporer la dispersion s\u00e8che sans autre broyage dans le milieu &hellip; <\/p>\n<p class=\"link-more\"><a href=\"https:\/\/araloncolor.com\/fr\/products\/solid-dispersions-powder-form\/\" class=\"more-link\">Continuer la lecture<span class=\"screen-reader-text\"> de &laquo;&nbsp;Dispersions solides (sous forme de poudre)&nbsp;&raquo;<\/span><\/a><\/p>\n","protected":false},"author":2,"featured_media":1526,"parent":825,"menu_order":0,"comment_status":"closed","ping_status":"closed","template":"","meta":{"footnotes":""},"aioseo_notices":[],"_links":{"self":[{"href":"https:\/\/araloncolor.com\/fr\/wp-json\/wp\/v2\/pages\/267"}],"collection":[{"href":"https:\/\/araloncolor.com\/fr\/wp-json\/wp\/v2\/pages"}],"about":[{"href":"https:\/\/araloncolor.com\/fr\/wp-json\/wp\/v2\/types\/page"}],"author":[{"embeddable":true,"href":"https:\/\/araloncolor.com\/fr\/wp-json\/wp\/v2\/users\/2"}],"replies":[{"embeddable":true,"href":"https:\/\/araloncolor.com\/fr\/wp-json\/wp\/v2\/comments?post=267"}],"version-history":[{"count":0,"href":"https:\/\/araloncolor.com\/fr\/wp-json\/wp\/v2\/pages\/267\/revisions"}],"up":[{"embeddable":true,"href":"https:\/\/araloncolor.com\/fr\/wp-json\/wp\/v2\/pages\/825"}],"wp:featuredmedia":[{"embeddable":true,"href":"https:\/\/araloncolor.com\/fr\/wp-json\/wp\/v2\/media\/1526"}],"wp:attachment":[{"href":"https:\/\/araloncolor.com\/fr\/wp-json\/wp\/v2\/media?parent=267"}],"curies":[{"name":"wp","href":"https:\/\/api.w.org\/{rel}","templated":true}]}}