{"id":276,"date":"2017-04-29T15:43:11","date_gmt":"2017-04-29T14:43:11","guid":{"rendered":"http:\/\/araloncolor.com\/?page_id=276"},"modified":"2024-10-02T09:51:08","modified_gmt":"2024-10-02T07:51:08","slug":"formaldehyde-free-fluorescent-pigments","status":"publish","type":"page","link":"https:\/\/araloncolor.com\/fr\/products\/formaldehyde-free-fluorescent-pigments\/","title":{"rendered":"Sans formald\u00e9hyde pigment fluorescents"},"content":{"rendered":"<p>Nos s\u00e9ries de pigments ARAGEN, ARAQUA et ARAPLAST ont fait d&rsquo;ARALON COLOR la technologie et le leader du march\u00e9 dans le segment en croissance des pigments luminescents sans formald\u00e9hyde.<\/p>\n<p>Ni le formald\u00e9hyde ni les substances lib\u00e9rant du formald\u00e9hyde ne sont utilis\u00e9s.<\/p>\n<p>Au total, ARALON COLOR propose les s\u00e9ries de pigments sans formald\u00e9hyde suivantes:<\/p>\n<p><a title=\"ARAGEN-10\" href=\"https:\/\/araloncolor.com\/aragen-10\/\">ARAGEN-10<\/a><\/p>\n<p><a title=\"ARAQUA-10\" href=\"https:\/\/araloncolor.com\/products\/formaldehyde-free-fluorescent-pigments\/tabelle-araqua-10\/\">ARAQUA-10\u00a0<\/a><\/p>\n<p>ARAQUA-20 (Applications textiles)<\/p>\n<p>ARAQUA-30 (Cuir artificiel, PVC)<\/p>\n<p><a title=\"ARAMARK-30\" href=\"https:\/\/araloncolor.com\/aramark-30\/\">ARAMARK-30<\/a><\/p>\n<p><a title=\"ARAPLAST-10\" href=\"https:\/\/araloncolor.com\/products\/formaldehyde-free-fluorescent-pigments\/araplast-10\/\">ARAPLAST-10\u00a0<\/a><\/p>\n<p><a title=\"ARAPLAST-20\" href=\"https:\/\/araloncolor.com\/araplast-20\/\">ARAPLAST-20<\/a><\/p>\n<p>ARALEAK-40<\/p>\n<p>ARALEAK-50<\/p>\n<p><\/p>","protected":false},"excerpt":{"rendered":"<p>Nos s\u00e9ries de pigments ARAGEN, ARAQUA et ARAPLAST ont fait d&rsquo;ARALON COLOR la technologie et le leader du march\u00e9 dans le segment en croissance des pigments luminescents sans formald\u00e9hyde. Ni le formald\u00e9hyde ni les substances lib\u00e9rant du formald\u00e9hyde ne sont utilis\u00e9s. Au total, ARALON COLOR propose les s\u00e9ries de pigments sans formald\u00e9hyde suivantes: ARAGEN-10 ARAQUA-10\u00a0 &hellip; <\/p>\n<p class=\"link-more\"><a href=\"https:\/\/araloncolor.com\/fr\/products\/formaldehyde-free-fluorescent-pigments\/\" class=\"more-link\">Continuer la lecture<span class=\"screen-reader-text\"> de &laquo;&nbsp;Sans formald\u00e9hyde pigment fluorescents&nbsp;&raquo;<\/span><\/a><\/p>\n","protected":false},"author":2,"featured_media":0,"parent":825,"menu_order":0,"comment_status":"closed","ping_status":"closed","template":"","meta":{"footnotes":""},"aioseo_notices":[],"_links":{"self":[{"href":"https:\/\/araloncolor.com\/fr\/wp-json\/wp\/v2\/pages\/276"}],"collection":[{"href":"https:\/\/araloncolor.com\/fr\/wp-json\/wp\/v2\/pages"}],"about":[{"href":"https:\/\/araloncolor.com\/fr\/wp-json\/wp\/v2\/types\/page"}],"author":[{"embeddable":true,"href":"https:\/\/araloncolor.com\/fr\/wp-json\/wp\/v2\/users\/2"}],"replies":[{"embeddable":true,"href":"https:\/\/araloncolor.com\/fr\/wp-json\/wp\/v2\/comments?post=276"}],"version-history":[{"count":0,"href":"https:\/\/araloncolor.com\/fr\/wp-json\/wp\/v2\/pages\/276\/revisions"}],"up":[{"embeddable":true,"href":"https:\/\/araloncolor.com\/fr\/wp-json\/wp\/v2\/pages\/825"}],"wp:attachment":[{"href":"https:\/\/araloncolor.com\/fr\/wp-json\/wp\/v2\/media?parent=276"}],"curies":[{"name":"wp","href":"https:\/\/api.w.org\/{rel}","templated":true}]}}