{"id":41,"date":"2017-03-14T17:15:00","date_gmt":"2017-03-14T17:15:00","guid":{"rendered":"http:\/\/test.su-tours.com\/?page_id=41"},"modified":"2024-10-29T17:21:20","modified_gmt":"2024-10-29T15:21:20","slug":"company","status":"publish","type":"page","link":"https:\/\/araloncolor.com\/fr\/company\/","title":{"rendered":"Soci\u00e9t\u00e9"},"content":{"rendered":"<p><\/p>\n<div class=\"region region-content\">\n<div id=\"block-system-main\" class=\"block block-system\">\n<div class=\"content\">\n<div id=\"node-1\" class=\"node node-page node-full clearfix\">\n<div class=\"content clearfix\">\n<div class=\"field field-name-body field-type-text-with-summary field-label-hidden\">\n<div class=\"field-items\">\n<div class=\"field-item even\">\n<p>ARALON COLOR est une soci\u00e9t\u00e9 ind\u00e9pendante, certifi\u00e9e ISO 9001: 2015, sp\u00e9cialis\u00e9e dans les produits chimiques, bas\u00e9e \u00e0 D-56412 Heiligenroth (Rh\u00e9nanie-Palatinat), directement sur l&rsquo;autoroute A3 entre Cologne et Francfort \/ M ..<\/p>\n<p>ARALON COLOR expression elle-m\u00eame est protagoniste d&rsquo;une nouvelle \u00e8re de d\u00e9veloppement durable orient\u00e9 vers l&rsquo;application dans le domaine de la luminescence et des colorants fonctionnels.<\/p>\n<p>En 2013, nous avons commenc\u00e9 le d\u00e9veloppement, la production et la vente de pigments fluorescents \u00e0 lumi\u00e8re du jour pour les peintures, les encres d&rsquo;imprimerie, les a\u00e9rosols, les plastiques et bien d&rsquo;autres applications dans notre usine nouvellement construite.<br \/>\nDes colorants fluorescents, des pigments phosphor\u00e9s de longue dur\u00e9e ainsi que des pigments organiques et des dispersions \u00e0 notre offre.<\/p>\n<\/div>\n<\/div>\n<\/div>\n<\/div>\n<\/div>\n<\/div>\n<\/div>\n<\/div>\n<p><\/p>","protected":false},"excerpt":{"rendered":"<p>ARALON COLOR est une soci\u00e9t\u00e9 ind\u00e9pendante, certifi\u00e9e ISO 9001: 2015, sp\u00e9cialis\u00e9e dans les produits chimiques, bas\u00e9e \u00e0 D-56412 Heiligenroth (Rh\u00e9nanie-Palatinat), directement sur l&rsquo;autoroute A3 entre Cologne et Francfort \/ M .. ARALON COLOR expression elle-m\u00eame est protagoniste d&rsquo;une nouvelle \u00e8re de d\u00e9veloppement durable orient\u00e9 vers l&rsquo;application dans le domaine de la luminescence et des colorants &hellip; <\/p>\n<p class=\"link-more\"><a href=\"https:\/\/araloncolor.com\/fr\/company\/\" class=\"more-link\">Continuer la lecture<span class=\"screen-reader-text\"> de &laquo;&nbsp;Soci\u00e9t\u00e9&nbsp;&raquo;<\/span><\/a><\/p>\n","protected":false},"author":2,"featured_media":1508,"parent":0,"menu_order":0,"comment_status":"closed","ping_status":"closed","template":"","meta":{"footnotes":""},"aioseo_notices":[],"_links":{"self":[{"href":"https:\/\/araloncolor.com\/fr\/wp-json\/wp\/v2\/pages\/41"}],"collection":[{"href":"https:\/\/araloncolor.com\/fr\/wp-json\/wp\/v2\/pages"}],"about":[{"href":"https:\/\/araloncolor.com\/fr\/wp-json\/wp\/v2\/types\/page"}],"author":[{"embeddable":true,"href":"https:\/\/araloncolor.com\/fr\/wp-json\/wp\/v2\/users\/2"}],"replies":[{"embeddable":true,"href":"https:\/\/araloncolor.com\/fr\/wp-json\/wp\/v2\/comments?post=41"}],"version-history":[{"count":0,"href":"https:\/\/araloncolor.com\/fr\/wp-json\/wp\/v2\/pages\/41\/revisions"}],"wp:featuredmedia":[{"embeddable":true,"href":"https:\/\/araloncolor.com\/fr\/wp-json\/wp\/v2\/media\/1508"}],"wp:attachment":[{"href":"https:\/\/araloncolor.com\/fr\/wp-json\/wp\/v2\/media?parent=41"}],"curies":[{"name":"wp","href":"https:\/\/api.w.org\/{rel}","templated":true}]}}