{"id":52,"date":"2017-03-14T17:23:44","date_gmt":"2017-03-14T17:23:44","guid":{"rendered":"http:\/\/test.su-tours.com\/?page_id=52"},"modified":"2024-10-29T16:10:53","modified_gmt":"2024-10-29T14:10:53","slug":"karriere","status":"publish","type":"page","link":"https:\/\/araloncolor.com\/fr\/company\/karriere\/","title":{"rendered":"Carri\u00e8re"},"content":{"rendered":"<p><\/p>\n<div class=\"region region-content\">\n<div id=\"block-system-main\" class=\"block block-system\">\n<div class=\"content\">\n<div id=\"node-8\" class=\"node node-page node-full clearfix\">\n<div class=\"content clearfix\">\n<div class=\"field field-name-body field-type-text-with-summary field-label-hidden\">\n<div class=\"field-items\">\n<div class=\"field-item even\">\n<p>Dans les domaines de laboratoire \/ QC ou dans la production (travailleur, chimiste) il y a toujours un besoin de personnel.<\/p>\n<p>Si vous avez une formation professionnelle et une exp\u00e9rience professionnelle compl\u00e9t\u00e9es en tant qu&rsquo;assistant chimico-technique (m \/ w) ou technicien en chimie (m \/ f), vous pouvez nous envoyer vos documents de candidature.<\/p>\n<p>S&rsquo;il vous pla\u00eet seulement des applications num\u00e9riques par e-mail (info[at]araloncolor.com).<\/p>\n<\/div>\n<\/div>\n<\/div>\n<\/div>\n<\/div>\n<\/div>\n<\/div>\n<\/div>\n<p><\/p>","protected":false},"excerpt":{"rendered":"<p>Dans les domaines de laboratoire \/ QC ou dans la production (travailleur, chimiste) il y a toujours un besoin de personnel. Si vous avez une formation professionnelle et une exp\u00e9rience professionnelle compl\u00e9t\u00e9es en tant qu&rsquo;assistant chimico-technique (m \/ w) ou technicien en chimie (m \/ f), vous pouvez nous envoyer vos documents de candidature. S&rsquo;il &hellip; <\/p>\n<p class=\"link-more\"><a href=\"https:\/\/araloncolor.com\/fr\/company\/karriere\/\" class=\"more-link\">Continuer la lecture<span class=\"screen-reader-text\"> de &laquo;&nbsp;Carri\u00e8re&nbsp;&raquo;<\/span><\/a><\/p>\n","protected":false},"author":2,"featured_media":1571,"parent":41,"menu_order":0,"comment_status":"closed","ping_status":"closed","template":"","meta":{"footnotes":""},"aioseo_notices":[],"_links":{"self":[{"href":"https:\/\/araloncolor.com\/fr\/wp-json\/wp\/v2\/pages\/52"}],"collection":[{"href":"https:\/\/araloncolor.com\/fr\/wp-json\/wp\/v2\/pages"}],"about":[{"href":"https:\/\/araloncolor.com\/fr\/wp-json\/wp\/v2\/types\/page"}],"author":[{"embeddable":true,"href":"https:\/\/araloncolor.com\/fr\/wp-json\/wp\/v2\/users\/2"}],"replies":[{"embeddable":true,"href":"https:\/\/araloncolor.com\/fr\/wp-json\/wp\/v2\/comments?post=52"}],"version-history":[{"count":0,"href":"https:\/\/araloncolor.com\/fr\/wp-json\/wp\/v2\/pages\/52\/revisions"}],"up":[{"embeddable":true,"href":"https:\/\/araloncolor.com\/fr\/wp-json\/wp\/v2\/pages\/41"}],"wp:featuredmedia":[{"embeddable":true,"href":"https:\/\/araloncolor.com\/fr\/wp-json\/wp\/v2\/media\/1571"}],"wp:attachment":[{"href":"https:\/\/araloncolor.com\/fr\/wp-json\/wp\/v2\/media?parent=52"}],"curies":[{"name":"wp","href":"https:\/\/api.w.org\/{rel}","templated":true}]}}