{"id":63,"date":"2017-03-14T18:57:31","date_gmt":"2017-03-14T16:57:31","guid":{"rendered":"http:\/\/test.su-tours.com\/?page_id=63"},"modified":"2024-10-29T17:03:31","modified_gmt":"2024-10-29T15:03:31","slug":"contact","status":"publish","type":"page","link":"https:\/\/araloncolor.com\/fr\/contact\/","title":{"rendered":"Contact"},"content":{"rendered":"<p><\/p>\n<p>Merci de votre int\u00e9r\u00eat pour notre entreprise. Nous op\u00e9rons \u00e0 l&rsquo;\u00e9chelle mondiale et nous nous r\u00e9jouissons de pouvoir vous aider. Pour trouver le contact appropri\u00e9 dans votre r\u00e9gion, veuillez visiter les pages correspondantes :<\/p>\n<ul>\n<li style=\"list-style-type: none;\">\n<ul>\n<li><a href=\"https:\/\/araloncolor.com\/contact\/distributor-network\/europe\/\">Europe &amp; UK<\/a><\/li>\n<li><a href=\"https:\/\/araloncolor.com\/contact\/distributor-network\/africa\/\">Afrique<\/a><\/li>\n<li><a href=\"https:\/\/araloncolor.com\/contact\/distributor-network\/asia\/\">Asie<\/a><\/li>\n<li><a href=\"https:\/\/araloncolor.com\/contact\/distributor-network\/north-america\/\">Am\u00e9rique du Nord<\/a><\/li>\n<li><a href=\"https:\/\/araloncolor.com\/contact\/distributor-network\/south-america\/\">Am\u00e9rique du Sud<\/a><\/li>\n<li>Oc\u00e9anie<\/li>\n<\/ul>\n<\/li>\n<\/ul>\n<p>Sur ces pages, vous trouverez les coordonn\u00e9es de nos distributeurs et partenaires.<\/p>\n<p><\/p>","protected":false},"excerpt":{"rendered":"<p>Merci de votre int\u00e9r\u00eat pour notre entreprise. Nous op\u00e9rons \u00e0 l&rsquo;\u00e9chelle mondiale et nous nous r\u00e9jouissons de pouvoir vous aider. Pour trouver le contact appropri\u00e9 dans votre r\u00e9gion, veuillez visiter les pages correspondantes : Europe &amp; UK Afrique Asie Am\u00e9rique du Nord Am\u00e9rique du Sud Oc\u00e9anie Sur ces pages, vous trouverez les coordonn\u00e9es de nos &hellip; <\/p>\n<p class=\"link-more\"><a href=\"https:\/\/araloncolor.com\/fr\/contact\/\" class=\"more-link\">Continuer la lecture<span class=\"screen-reader-text\"> de &laquo;&nbsp;Contact&nbsp;&raquo;<\/span><\/a><\/p>\n","protected":false},"author":2,"featured_media":1585,"parent":0,"menu_order":0,"comment_status":"closed","ping_status":"closed","template":"","meta":{"footnotes":""},"aioseo_notices":[],"_links":{"self":[{"href":"https:\/\/araloncolor.com\/fr\/wp-json\/wp\/v2\/pages\/63"}],"collection":[{"href":"https:\/\/araloncolor.com\/fr\/wp-json\/wp\/v2\/pages"}],"about":[{"href":"https:\/\/araloncolor.com\/fr\/wp-json\/wp\/v2\/types\/page"}],"author":[{"embeddable":true,"href":"https:\/\/araloncolor.com\/fr\/wp-json\/wp\/v2\/users\/2"}],"replies":[{"embeddable":true,"href":"https:\/\/araloncolor.com\/fr\/wp-json\/wp\/v2\/comments?post=63"}],"version-history":[{"count":0,"href":"https:\/\/araloncolor.com\/fr\/wp-json\/wp\/v2\/pages\/63\/revisions"}],"wp:featuredmedia":[{"embeddable":true,"href":"https:\/\/araloncolor.com\/fr\/wp-json\/wp\/v2\/media\/1585"}],"wp:attachment":[{"href":"https:\/\/araloncolor.com\/fr\/wp-json\/wp\/v2\/media?parent=63"}],"curies":[{"name":"wp","href":"https:\/\/api.w.org\/{rel}","templated":true}]}}