{"id":66,"date":"2017-03-14T18:00:34","date_gmt":"2017-03-14T18:00:34","guid":{"rendered":"http:\/\/test.su-tours.com\/?page_id=66"},"modified":"2024-10-01T16:31:58","modified_gmt":"2024-10-01T14:31:58","slug":"nomenclature","status":"publish","type":"page","link":"https:\/\/araloncolor.com\/fr\/products\/nomenclature\/","title":{"rendered":"Nomenclature"},"content":{"rendered":"<p><\/p>\n\n\n<div class=\"wp-block-image\">\n<figure class=\"aligncenter size-large\"><img loading=\"lazy\" decoding=\"async\" width=\"1024\" height=\"724\" src=\"https:\/\/araloncolor.com\/wp-content\/uploads\/2017\/03\/ARAPRINT-Nomenclature-Fr-big-1024x724.jpg\" alt=\"\" class=\"wp-image-768\" srcset=\"https:\/\/araloncolor.com\/wp-content\/uploads\/2017\/03\/ARAPRINT-Nomenclature-Fr-big-1024x724.jpg 1024w, https:\/\/araloncolor.com\/wp-content\/uploads\/2017\/03\/ARAPRINT-Nomenclature-Fr-big-300x212.jpg 300w, https:\/\/araloncolor.com\/wp-content\/uploads\/2017\/03\/ARAPRINT-Nomenclature-Fr-big-768x543.jpg 768w\" sizes=\"(max-width: 767px) 89vw, (max-width: 1000px) 54vw, (max-width: 1071px) 543px, 580px\" \/><\/figure><\/div>\n\n\n<div style=\"overflow-x: auto;\">\n<table border=\"0\" style=\"border-collapse: collapse; width: 100%; table-layout: auto;\">\n    <tbody>\n\t\t  <tr>\n            <td style=\"border: 2px solid lightgray; padding: 5px; white-space: nowrap; width: 2%\">9 UV<\/td>\n            <td style=\"border: 2px solid lightgray; padding: 5px; white-space: nowrap; width: 2%;\">BLUE<\/td>\n            <td style=\"border: 2px solid lightgray; background-color: #c9edff; width: 50px;\"><\/td> \n        <\/tr>\n        <tr>\n            <td style=\"border: 2px solid lightgray; padding: 5px; white-space: nowrap; width: 2%;\">0<\/td>\n            <td style=\"border: 2px solid lightgray; padding: 5px; white-space: nowrap; width: 2%;\">LEMON<\/td>\n            <td style=\"border: 2px solid lightgray; background-color: #fafa00; width: 50px;\"><\/td> \n        <\/tr>\n        <tr>\n            <td style=\"border: 2px solid lightgray; padding: 5px; white-space: nowrap; width: 2%;\">1<\/td>\n            <td style=\"border: 2px solid lightgray; padding: 5px; white-space: nowrap; width: 2%;\">GREEN<\/td>\n            <td style=\"border: 2px solid lightgray; background-color: #00b04f; width: 50px;\"><\/td> \n        <\/tr>\n        <tr>\n            <td style=\"border: 2px solid lightgray; padding: 5px; white-space: nowrap; width: 2%;\">3<\/td>\n            <td style=\"border: 2px solid lightgray; padding: 5px; white-space: nowrap; width: 2%;\">ORANGE<\/td>\n            <td style=\"border: 2px solid lightgray; background-color: #ff6303; width: 50px;\"><\/td> \n        <\/tr>\n        <tr>\n            <td style=\"border: 2px solid lightgray; padding: 5px; white-space: nowrap; width: 2%;\">4<\/td>\n            <td style=\"border: 2px solid lightgray; padding: 5px; white-space: nowrap; width: 2%;\">ORANGE-RED<\/td>\n            <td style=\"border: 2px solid lightgray; background-color: #ff3300; width: 50px;\"><\/td> \n        <\/tr>\n        <tr>\n            <td style=\"border: 2px solid lightgray; padding: 5px; white-space: nowrap; width: 2%;\">5<\/td>\n            <td style=\"border: 2px solid lightgray; padding: 5px; white-space: nowrap; width: 2%;\">RED<\/td>\n            <td style=\"border: 2px solid lightgray; background-color: #ff0000; width: 50px;\"><\/td> \n        <\/tr>\n        <tr>\n            <td style=\"border: 2px solid lightgray; padding: 5px; white-space: nowrap; width: 2%;\">6<\/td>\n            <td style=\"border: 2px solid lightgray; padding: 5px; white-space: nowrap; width: 2%;\">PINK<\/td>\n            <td style=\"border: 2px solid lightgray; background-color: #ff3399; width: 50px;\"><\/td> \n        <\/tr>\n        <tr>\n            <td style=\"border: 2px solid lightgray; padding: 5px; white-space: nowrap; width: 2%;\">7<\/td>\n            <td style=\"border: 2px solid lightgray; padding: 5px; white-space: nowrap; width: 2%;\">MAGENTA<\/td>\n            <td style=\"border: 2px solid lightgray; background-color: #ff00ff; width: 50px;\"><\/td> \n        <\/tr>\n        <tr>\n            <td style=\"border: 2px solid lightgray; padding: 5px; white-space: nowrap; width: 2%;\">8<\/td>\n            <td style=\"border: 2px solid lightgray; padding: 5px; white-space: nowrap; width: 2%;\">PURPLE<\/td>\n            <td style=\"border: 2px solid lightgray; background-color: #cb00ff; width: 50px;\"><\/td> \n        <\/tr>\n\t\t<tr>\n            <td style=\"border: 2px solid lightgray; padding: 5px; white-space: nowrap; width: 2%;\">9<\/td>\n            <td style=\"border: 2px solid lightgray; padding: 5px; white-space: nowrap; width: 2%;\">BLUE<\/td>\n            <td style=\"border: 2px solid lightgray; background-color: #0000ff; width: 50px;\"><\/td> \n        <\/tr>\n\t\t\t<tr>\n            <td style=\"border: 2px solid lightgray; padding: 5px; white-space: nowrap; width: 2%;\">W<\/td>\n            <td style=\"border: 2px solid lightgray; padding: 5px; white-space: nowrap; width: 2%;\">WHITE<\/td>\n            <td style=\"border: 2px solid lightgray; background-color: #FFFFFF; width: 50px;\"><\/td> \n        <\/tr>\n\t\t\t<tr>\n            <td style=\"border: 2px solid lightgray; padding: 5px; white-space: nowrap; width: 2%;\">C<\/td>\n            <td style=\"border: 2px solid lightgray; padding: 5px; white-space: nowrap; width: 2%;\">COLORLESS<\/td>\n            <td style=\"border: 2px solid lightgray; background-color: #FFFFF; width: 50px;\"><\/td> \n        <\/tr>\n\n    <\/tbody>\n<\/table>\n<\/div>\n\n\n\n<p>REMARQUE:<\/p>\n\n\n\n<p>Si le troisi\u00e8me chiffre est remplac\u00e9 par une lettre comme W pour White, cela signifie que la couleur n&rsquo;est pas fluorescente, mais conventionnel ou le produit ne contient pas une couleur, comme C pour incolore (colourless).<\/p>\n\n\n\n<p>Si le troisi\u00e8me chiffre est suivi par des lettres, ils r\u00e9f\u00e9rent \u00e0 effet sp\u00e9cial suppl\u00e9mentaire. Par exemple :<\/p>\n\n\n\n<p>UV: Ce sont des colorants fluorescents qui n&rsquo;ont pas de couleur corporelle et sont donc invisible \u00e0 l&rsquo;\u0153il nu dans des conditions de la lumi\u00e8re du jour.<\/p>\n\n\n\n<p>IR: Le produit absorbe ou \u00e9met une fluorescence dans la r\u00e9gion infrarouge du spectre.<\/p>\n\n\n\n<p>Pxxx : Nuance PANTONE<strong><sup>\u00ae<\/sup><\/strong>. Les chiffres donn\u00e9s apr\u00e8s le P correspondent avec le num\u00e9ro de la nuance dans le nuancier Pantone<strong><sup>\u00ae<\/sup><\/strong>.<\/p>\n\n\n\n<p>FLUORESCENT bleu peut \u00eatre obtenue par un m\u00e9lange du BLEU ARASOL-109 UV avec le pigment bleu 15 dispersions. FLUORESCENT verte peut \u00eatre obtenue en m\u00e9langeant l&rsquo;ARASOL-100 citron avec le pigment vert 7 dispersions. Pour augmenter le pouvoir couvrant, il suffit d&rsquo;utiliser des dispersions de ZnS au lieu de TiO2.<\/p>","protected":false},"excerpt":{"rendered":"<p>9 UV BLUE 0 LEMON 1 GREEN 3 ORANGE 4 ORANGE-RED 5 RED 6 PINK 7 MAGENTA 8 PURPLE 9 BLUE W WHITE C COLORLESS REMARQUE: Si le troisi\u00e8me chiffre est remplac\u00e9 par une lettre comme W pour White, cela signifie que la couleur n&rsquo;est pas fluorescente, mais conventionnel ou le produit ne contient pas &hellip; <\/p>\n<p class=\"link-more\"><a href=\"https:\/\/araloncolor.com\/fr\/products\/nomenclature\/\" class=\"more-link\">Continuer la lecture<span class=\"screen-reader-text\"> de &laquo;&nbsp;Nomenclature&nbsp;&raquo;<\/span><\/a><\/p>\n","protected":false},"author":2,"featured_media":0,"parent":825,"menu_order":0,"comment_status":"closed","ping_status":"closed","template":"","meta":{"footnotes":""},"aioseo_notices":[],"_links":{"self":[{"href":"https:\/\/araloncolor.com\/fr\/wp-json\/wp\/v2\/pages\/66"}],"collection":[{"href":"https:\/\/araloncolor.com\/fr\/wp-json\/wp\/v2\/pages"}],"about":[{"href":"https:\/\/araloncolor.com\/fr\/wp-json\/wp\/v2\/types\/page"}],"author":[{"embeddable":true,"href":"https:\/\/araloncolor.com\/fr\/wp-json\/wp\/v2\/users\/2"}],"replies":[{"embeddable":true,"href":"https:\/\/araloncolor.com\/fr\/wp-json\/wp\/v2\/comments?post=66"}],"version-history":[{"count":0,"href":"https:\/\/araloncolor.com\/fr\/wp-json\/wp\/v2\/pages\/66\/revisions"}],"up":[{"embeddable":true,"href":"https:\/\/araloncolor.com\/fr\/wp-json\/wp\/v2\/pages\/825"}],"wp:attachment":[{"href":"https:\/\/araloncolor.com\/fr\/wp-json\/wp\/v2\/media?parent=66"}],"curies":[{"name":"wp","href":"https:\/\/api.w.org\/{rel}","templated":true}]}}