{"id":94,"date":"2017-03-15T20:27:16","date_gmt":"2017-03-15T19:27:16","guid":{"rendered":"http:\/\/araloncolor.com\/?page_id=94"},"modified":"2025-01-27T16:09:28","modified_gmt":"2025-01-27T14:09:28","slug":"made-in-germany","status":"publish","type":"page","link":"https:\/\/araloncolor.com\/fr\/company\/made-in-germany\/","title":{"rendered":"Highest Quality &#038; Made in Germany"},"content":{"rendered":"<p><img loading=\"lazy\" decoding=\"async\" class=\"aligncenter size-full wp-image-95\" src=\"http:\/\/araloncolor.com\/wp-content\/uploads\/2017\/03\/MIG.png\" alt=\"\" width=\"1024\" height=\"389\" srcset=\"https:\/\/araloncolor.com\/wp-content\/uploads\/2017\/03\/MIG.png 1024w, https:\/\/araloncolor.com\/wp-content\/uploads\/2017\/03\/MIG-300x114.png 300w, https:\/\/araloncolor.com\/wp-content\/uploads\/2017\/03\/MIG-768x292.png 768w\" sizes=\"(max-width: 767px) 89vw, (max-width: 1000px) 54vw, (max-width: 1071px) 543px, 580px\" \/><\/p>\n<p>Tous les pigments fluorescents et les pr\u00e9parations sont fabriqu\u00e9s \u00e0 l&rsquo;aide de notre technologie brevet\u00e9e d&rsquo;encapsulation physico-chimique (pigments fluorescents, pigments organiques et dispersions). Ils sont exclusivement d\u00e9velopp\u00e9s et fabriqu\u00e9s conform\u00e9ment \u00e0 toutes les r\u00e9glementations europ\u00e9ennes sur notre site de fabrication en Allemagne.<\/p>\n<p><img loading=\"lazy\" decoding=\"async\" class=\"aligncenter size-full wp-image-358\" src=\"http:\/\/araloncolor.com\/wp-content\/uploads\/2017\/05\/ARALON-COLOR_2017-ISO.jpg\" alt=\"\" width=\"529\" height=\"265\" srcset=\"https:\/\/araloncolor.com\/wp-content\/uploads\/2017\/05\/ARALON-COLOR_2017-ISO.jpg 529w, https:\/\/araloncolor.com\/wp-content\/uploads\/2017\/05\/ARALON-COLOR_2017-ISO-300x150.jpg 300w\" sizes=\"(max-width: 529px) 100vw, 529px\" \/><\/p>","protected":false},"excerpt":{"rendered":"<p>Tous les pigments fluorescents et les pr\u00e9parations sont fabriqu\u00e9s \u00e0 l&rsquo;aide de notre technologie brevet\u00e9e d&rsquo;encapsulation physico-chimique (pigments fluorescents, pigments organiques et dispersions). Ils sont exclusivement d\u00e9velopp\u00e9s et fabriqu\u00e9s conform\u00e9ment \u00e0 toutes les r\u00e9glementations europ\u00e9ennes sur notre site de fabrication en Allemagne.<\/p>\n","protected":false},"author":2,"featured_media":1569,"parent":41,"menu_order":0,"comment_status":"closed","ping_status":"closed","template":"","meta":{"footnotes":""},"aioseo_notices":[],"_links":{"self":[{"href":"https:\/\/araloncolor.com\/fr\/wp-json\/wp\/v2\/pages\/94"}],"collection":[{"href":"https:\/\/araloncolor.com\/fr\/wp-json\/wp\/v2\/pages"}],"about":[{"href":"https:\/\/araloncolor.com\/fr\/wp-json\/wp\/v2\/types\/page"}],"author":[{"embeddable":true,"href":"https:\/\/araloncolor.com\/fr\/wp-json\/wp\/v2\/users\/2"}],"replies":[{"embeddable":true,"href":"https:\/\/araloncolor.com\/fr\/wp-json\/wp\/v2\/comments?post=94"}],"version-history":[{"count":0,"href":"https:\/\/araloncolor.com\/fr\/wp-json\/wp\/v2\/pages\/94\/revisions"}],"up":[{"embeddable":true,"href":"https:\/\/araloncolor.com\/fr\/wp-json\/wp\/v2\/pages\/41"}],"wp:featuredmedia":[{"embeddable":true,"href":"https:\/\/araloncolor.com\/fr\/wp-json\/wp\/v2\/media\/1569"}],"wp:attachment":[{"href":"https:\/\/araloncolor.com\/fr\/wp-json\/wp\/v2\/media?parent=94"}],"curies":[{"name":"wp","href":"https:\/\/api.w.org\/{rel}","templated":true}]}}